{"id":853,"date":"2019-11-12T03:04:57","date_gmt":"2019-11-12T03:04:57","guid":{"rendered":"https:\/\/www.wonpet.com\/?post_type=product&#038;p=853"},"modified":"2019-11-12T03:04:57","modified_gmt":"2019-11-12T03:04:57","slug":"macska-jatekok-labda-harang-vatta-szines-golyokkal","status":"publish","type":"product","link":"https:\/\/www.wonpet.com\/hu\/termek\/macska-jatekok-labda-harang-vatta-szines-golyokkal\/","title":{"rendered":"Macskaj\u00e1t\u00e9kok labd\u00e1ja sz\u00ednes sz\u00ednes harangokkal"},"content":{"rendered":"","protected":false},"excerpt":{"rendered":"<p>CIKKSZ\u00c1M: CT12025<\/p>\n<p>M\u00c9RETE: 4cm\u2026 <a href=\"https:\/\/www.wonpet.com\/hu\/termek\/macska-jatekok-labda-harang-vatta-szines-golyokkal\/\" class=\"more-link\"><span class=\"more-button\">V\u00e1s\u00e1rolj most<span class=\"screen-reader-text\">Macskaj\u00e1t\u00e9kok labd\u00e1ja sz\u00ednes sz\u00ednes harangokkal<\/span><\/span><\/a><\/p>","protected":false},"featured_media":854,"template":"","meta":[],"product_brand":[],"product_cat":[44,19],"product_tag":[126,125],"class_list":{"0":"post-853","1":"product","2":"type-product","3":"status-publish","4":"has-post-thumbnail","6":"product_cat-cat-ball","7":"product_cat-cat_toy","8":"product_tag-cat-ball-toys","9":"product_tag-cat-supply","11":"first","12":"instock","13":"shipping-taxable","14":"product-type-simple"},"_links":{"self":[{"href":"https:\/\/www.wonpet.com\/hu\/wp-json\/wp\/v2\/product\/853","targetHints":{"allow":["GET"]}}],"collection":[{"href":"https:\/\/www.wonpet.com\/hu\/wp-json\/wp\/v2\/product"}],"about":[{"href":"https:\/\/www.wonpet.com\/hu\/wp-json\/wp\/v2\/types\/product"}],"wp:featuredmedia":[{"embeddable":true,"href":"https:\/\/www.wonpet.com\/hu\/wp-json\/wp\/v2\/media\/854"}],"wp:attachment":[{"href":"https:\/\/www.wonpet.com\/hu\/wp-json\/wp\/v2\/media?parent=853"}],"wp:term":[{"taxonomy":"product_brand","embeddable":true,"href":"https:\/\/www.wonpet.com\/hu\/wp-json\/wp\/v2\/product_brand?post=853"},{"taxonomy":"product_cat","embeddable":true,"href":"https:\/\/www.wonpet.com\/hu\/wp-json\/wp\/v2\/product_cat?post=853"},{"taxonomy":"product_tag","embeddable":true,"href":"https:\/\/www.wonpet.com\/hu\/wp-json\/wp\/v2\/product_tag?post=853"}],"curies":[{"name":"wp","href":"https:\/\/api.w.org\/{rel}","templated":true}]}}