{"id":851,"date":"2019-11-12T03:02:13","date_gmt":"2019-11-12T03:02:13","guid":{"rendered":"https:\/\/www.wonpet.com\/?post_type=product&#038;p=851"},"modified":"2019-11-12T03:02:13","modified_gmt":"2019-11-12T03:02:13","slug":"muanyag-zajos-macska-jatek-golyok-csengovel-3","status":"publish","type":"product","link":"https:\/\/www.wonpet.com\/hu\/termek\/muanyag-zajos-macska-jatek-golyok-csengovel-3\/","title":{"rendered":"M\u0171anyag zajos macskaj\u00e1t\u00e9k-labd\u00e1k haranggal"},"content":{"rendered":"","protected":false},"excerpt":{"rendered":"<p>CIKKSZ\u00c1M: CT12012<\/p>\n<p>M\u00c9RETE: 4,5 cm\u2026 <a href=\"https:\/\/www.wonpet.com\/hu\/termek\/muanyag-zajos-macska-jatek-golyok-csengovel-3\/\" class=\"more-link\"><span class=\"more-button\">V\u00e1s\u00e1rolj most<span class=\"screen-reader-text\">M\u0171anyag zajos macskaj\u00e1t\u00e9k-labd\u00e1k haranggal<\/span><\/span><\/a><\/p>","protected":false},"featured_media":849,"template":"","meta":[],"product_brand":[],"product_cat":[44,19],"product_tag":[127,125],"class_list":{"0":"post-851","1":"product","2":"type-product","3":"status-publish","4":"has-post-thumbnail","6":"product_cat-cat-ball","7":"product_cat-cat_toy","8":"product_tag-cat-plastic-ball","9":"product_tag-cat-supply","11":"first","12":"instock","13":"shipping-taxable","14":"product-type-simple"},"_links":{"self":[{"href":"https:\/\/www.wonpet.com\/hu\/wp-json\/wp\/v2\/product\/851","targetHints":{"allow":["GET"]}}],"collection":[{"href":"https:\/\/www.wonpet.com\/hu\/wp-json\/wp\/v2\/product"}],"about":[{"href":"https:\/\/www.wonpet.com\/hu\/wp-json\/wp\/v2\/types\/product"}],"wp:featuredmedia":[{"embeddable":true,"href":"https:\/\/www.wonpet.com\/hu\/wp-json\/wp\/v2\/media\/849"}],"wp:attachment":[{"href":"https:\/\/www.wonpet.com\/hu\/wp-json\/wp\/v2\/media?parent=851"}],"wp:term":[{"taxonomy":"product_brand","embeddable":true,"href":"https:\/\/www.wonpet.com\/hu\/wp-json\/wp\/v2\/product_brand?post=851"},{"taxonomy":"product_cat","embeddable":true,"href":"https:\/\/www.wonpet.com\/hu\/wp-json\/wp\/v2\/product_cat?post=851"},{"taxonomy":"product_tag","embeddable":true,"href":"https:\/\/www.wonpet.com\/hu\/wp-json\/wp\/v2\/product_tag?post=851"}],"curies":[{"name":"wp","href":"https:\/\/api.w.org\/{rel}","templated":true}]}}