{"id":841,"date":"2019-11-12T02:49:59","date_gmt":"2019-11-12T02:49:59","guid":{"rendered":"https:\/\/www.wonpet.com\/?post_type=product&#038;p=841"},"modified":"2019-11-12T07:30:31","modified_gmt":"2019-11-12T07:30:31","slug":"macska-ellatas-macska-jatek-toll-macskagolyok-csengovel","status":"publish","type":"product","link":"https:\/\/www.wonpet.com\/hu\/termek\/macska-ellatas-macska-jatek-toll-macskagolyok-csengovel\/","title":{"rendered":"Macskaell\u00e1t\u00f3 macskaj\u00e1t\u00e9k toll Macskagoly\u00f3 csendes j\u00e1t\u00e9k"},"content":{"rendered":"","protected":false},"excerpt":{"rendered":"<p>CIKKSZ\u00c1M: CTM00181<\/p>\n<p>M\u00c9RETE: 4cm\u2026 <a href=\"https:\/\/www.wonpet.com\/hu\/termek\/macska-ellatas-macska-jatek-toll-macskagolyok-csengovel\/\" class=\"more-link\"><span class=\"more-button\">V\u00e1s\u00e1rolj most<span class=\"screen-reader-text\">Macskaell\u00e1t\u00f3 macskaj\u00e1t\u00e9k toll Macskagoly\u00f3 csendes j\u00e1t\u00e9k<\/span><\/span><\/a><\/p>","protected":false},"featured_media":837,"template":"","meta":[],"product_brand":[],"product_cat":[44,19],"product_tag":[42,125],"class_list":{"0":"post-841","1":"product","2":"type-product","3":"status-publish","4":"has-post-thumbnail","6":"product_cat-cat-ball","7":"product_cat-cat_toy","8":"product_tag-cat-ball","9":"product_tag-cat-supply","11":"first","12":"instock","13":"shipping-taxable","14":"product-type-simple"},"_links":{"self":[{"href":"https:\/\/www.wonpet.com\/hu\/wp-json\/wp\/v2\/product\/841","targetHints":{"allow":["GET"]}}],"collection":[{"href":"https:\/\/www.wonpet.com\/hu\/wp-json\/wp\/v2\/product"}],"about":[{"href":"https:\/\/www.wonpet.com\/hu\/wp-json\/wp\/v2\/types\/product"}],"wp:featuredmedia":[{"embeddable":true,"href":"https:\/\/www.wonpet.com\/hu\/wp-json\/wp\/v2\/media\/837"}],"wp:attachment":[{"href":"https:\/\/www.wonpet.com\/hu\/wp-json\/wp\/v2\/media?parent=841"}],"wp:term":[{"taxonomy":"product_brand","embeddable":true,"href":"https:\/\/www.wonpet.com\/hu\/wp-json\/wp\/v2\/product_brand?post=841"},{"taxonomy":"product_cat","embeddable":true,"href":"https:\/\/www.wonpet.com\/hu\/wp-json\/wp\/v2\/product_cat?post=841"},{"taxonomy":"product_tag","embeddable":true,"href":"https:\/\/www.wonpet.com\/hu\/wp-json\/wp\/v2\/product_tag?post=841"}],"curies":[{"name":"wp","href":"https:\/\/api.w.org\/{rel}","templated":true}]}}