{"id":763,"date":"2019-11-11T06:01:06","date_gmt":"2019-11-11T06:01:06","guid":{"rendered":"https:\/\/www.wonpet.com\/?post_type=product&#038;p=763"},"modified":"2019-11-11T06:01:06","modified_gmt":"2019-11-11T06:01:06","slug":"macska-toll-jatekok-vicces-jatekhoz","status":"publish","type":"product","link":"https:\/\/www.wonpet.com\/hu\/termek\/macska-toll-jatekok-vicces-jatekhoz\/","title":{"rendered":"Macskaj\u00e1t\u00e9k tollj\u00e1t\u00e9kok a vicces j\u00e1t\u00e9khoz"},"content":{"rendered":"","protected":false},"excerpt":{"rendered":"<p>T\u00e9telsz\u00e1m: CT18038-T<\/p>\n<p>M\u00c9RETE: 5cm\u2026 <a href=\"https:\/\/www.wonpet.com\/hu\/termek\/macska-toll-jatekok-vicces-jatekhoz\/\" class=\"more-link\"><span class=\"more-button\">V\u00e1s\u00e1rolj most<span class=\"screen-reader-text\">Macskaj\u00e1t\u00e9k tollj\u00e1t\u00e9kok a vicces j\u00e1t\u00e9khoz<\/span><\/span><\/a><\/p>","protected":false},"featured_media":760,"template":"","meta":[],"product_brand":[],"product_cat":[46,19],"product_tag":[55],"class_list":{"0":"post-763","1":"product","2":"type-product","3":"status-publish","4":"has-post-thumbnail","6":"product_cat-animals-others","7":"product_cat-cat_toy","8":"product_tag-cat-tumbler-toy","10":"first","11":"instock","12":"shipping-taxable","13":"product-type-simple"},"_links":{"self":[{"href":"https:\/\/www.wonpet.com\/hu\/wp-json\/wp\/v2\/product\/763","targetHints":{"allow":["GET"]}}],"collection":[{"href":"https:\/\/www.wonpet.com\/hu\/wp-json\/wp\/v2\/product"}],"about":[{"href":"https:\/\/www.wonpet.com\/hu\/wp-json\/wp\/v2\/types\/product"}],"wp:featuredmedia":[{"embeddable":true,"href":"https:\/\/www.wonpet.com\/hu\/wp-json\/wp\/v2\/media\/760"}],"wp:attachment":[{"href":"https:\/\/www.wonpet.com\/hu\/wp-json\/wp\/v2\/media?parent=763"}],"wp:term":[{"taxonomy":"product_brand","embeddable":true,"href":"https:\/\/www.wonpet.com\/hu\/wp-json\/wp\/v2\/product_brand?post=763"},{"taxonomy":"product_cat","embeddable":true,"href":"https:\/\/www.wonpet.com\/hu\/wp-json\/wp\/v2\/product_cat?post=763"},{"taxonomy":"product_tag","embeddable":true,"href":"https:\/\/www.wonpet.com\/hu\/wp-json\/wp\/v2\/product_tag?post=763"}],"curies":[{"name":"wp","href":"https:\/\/api.w.org\/{rel}","templated":true}]}}