{"id":756,"date":"2019-11-11T05:41:01","date_gmt":"2019-11-11T05:41:01","guid":{"rendered":"https:\/\/www.wonpet.com\/?post_type=product&#038;p=756"},"modified":"2019-11-11T05:45:28","modified_gmt":"2019-11-11T05:45:28","slug":"macskajatekok-interaktiv-best-sellerek","status":"publish","type":"product","link":"https:\/\/www.wonpet.com\/hu\/termek\/macskajatekok-interaktiv-best-sellerek\/","title":{"rendered":"Interakt\u00edv macskaj\u00e1t\u00e9kok"},"content":{"rendered":"","protected":false},"excerpt":{"rendered":"<p>T\u00e9telsz\u00e1m: CT18035-T<\/p>\n<p>M\u00c9RETE: 8cm\u2026 <a href=\"https:\/\/www.wonpet.com\/hu\/termek\/macskajatekok-interaktiv-best-sellerek\/\" class=\"more-link\"><span class=\"more-button\">V\u00e1s\u00e1rolj most<span class=\"screen-reader-text\">Interakt\u00edv macskaj\u00e1t\u00e9kok<\/span><\/span><\/a><\/p>","protected":false},"featured_media":757,"template":"","meta":[],"product_brand":[],"product_cat":[46,19],"product_tag":[41,121],"class_list":{"0":"post-756","1":"product","2":"type-product","3":"status-publish","4":"has-post-thumbnail","6":"product_cat-animals-others","7":"product_cat-cat_toy","8":"product_tag-cat-toys","9":"product_tag-cat-tumble-toy","11":"first","12":"instock","13":"shipping-taxable","14":"product-type-simple"},"_links":{"self":[{"href":"https:\/\/www.wonpet.com\/hu\/wp-json\/wp\/v2\/product\/756","targetHints":{"allow":["GET"]}}],"collection":[{"href":"https:\/\/www.wonpet.com\/hu\/wp-json\/wp\/v2\/product"}],"about":[{"href":"https:\/\/www.wonpet.com\/hu\/wp-json\/wp\/v2\/types\/product"}],"wp:featuredmedia":[{"embeddable":true,"href":"https:\/\/www.wonpet.com\/hu\/wp-json\/wp\/v2\/media\/757"}],"wp:attachment":[{"href":"https:\/\/www.wonpet.com\/hu\/wp-json\/wp\/v2\/media?parent=756"}],"wp:term":[{"taxonomy":"product_brand","embeddable":true,"href":"https:\/\/www.wonpet.com\/hu\/wp-json\/wp\/v2\/product_brand?post=756"},{"taxonomy":"product_cat","embeddable":true,"href":"https:\/\/www.wonpet.com\/hu\/wp-json\/wp\/v2\/product_cat?post=756"},{"taxonomy":"product_tag","embeddable":true,"href":"https:\/\/www.wonpet.com\/hu\/wp-json\/wp\/v2\/product_tag?post=756"}],"curies":[{"name":"wp","href":"https:\/\/api.w.org\/{rel}","templated":true}]}}