{"id":738,"date":"2019-11-11T02:39:59","date_gmt":"2019-11-11T02:39:59","guid":{"rendered":"https:\/\/www.wonpet.com\/?post_type=product&#038;p=738"},"modified":"2019-11-11T02:40:35","modified_gmt":"2019-11-11T02:40:35","slug":"kisallat-kutya-ellato-kotel-jatek-agressziv-ragoknak-4","status":"publish","type":"product","link":"https:\/\/www.wonpet.com\/hu\/termek\/kisallat-kutya-ellato-kotel-jatek-agressziv-ragoknak-4\/","title":{"rendered":"Kis\u00e1llat kutyaell\u00e1t\u00f3 k\u00f6t\u00e9l j\u00e1t\u00e9k agressz\u00edv r\u00e1g\u00f3g\u00e9pek sz\u00e1m\u00e1ra"},"content":{"rendered":"","protected":false},"excerpt":{"rendered":"<p>T\u00e9telsz\u00e1m: RT120636<\/p>\n<p>M\u00c9RETE: 7cm\u2026 <a href=\"https:\/\/www.wonpet.com\/hu\/termek\/kisallat-kutya-ellato-kotel-jatek-agressziv-ragoknak-4\/\" class=\"more-link\"><span class=\"more-button\">V\u00e1s\u00e1rolj most<span class=\"screen-reader-text\">Kis\u00e1llat kutyaell\u00e1t\u00f3 k\u00f6t\u00e9l j\u00e1t\u00e9k agressz\u00edv r\u00e1g\u00f3g\u00e9pek sz\u00e1m\u00e1ra<\/span><\/span><\/a><\/p>","protected":false},"featured_media":724,"template":"","meta":[],"product_brand":[],"product_cat":[18,40],"product_tag":[111,66],"class_list":{"0":"post-738","1":"product","2":"type-product","3":"status-publish","4":"has-post-thumbnail","6":"product_cat-dog_toy","7":"product_cat-rope-toy","8":"product_tag-dog-cotton-toys","9":"product_tag-dog-toys-for-small-dogs","11":"first","12":"instock","13":"shipping-taxable","14":"product-type-simple"},"_links":{"self":[{"href":"https:\/\/www.wonpet.com\/hu\/wp-json\/wp\/v2\/product\/738","targetHints":{"allow":["GET"]}}],"collection":[{"href":"https:\/\/www.wonpet.com\/hu\/wp-json\/wp\/v2\/product"}],"about":[{"href":"https:\/\/www.wonpet.com\/hu\/wp-json\/wp\/v2\/types\/product"}],"wp:featuredmedia":[{"embeddable":true,"href":"https:\/\/www.wonpet.com\/hu\/wp-json\/wp\/v2\/media\/724"}],"wp:attachment":[{"href":"https:\/\/www.wonpet.com\/hu\/wp-json\/wp\/v2\/media?parent=738"}],"wp:term":[{"taxonomy":"product_brand","embeddable":true,"href":"https:\/\/www.wonpet.com\/hu\/wp-json\/wp\/v2\/product_brand?post=738"},{"taxonomy":"product_cat","embeddable":true,"href":"https:\/\/www.wonpet.com\/hu\/wp-json\/wp\/v2\/product_cat?post=738"},{"taxonomy":"product_tag","embeddable":true,"href":"https:\/\/www.wonpet.com\/hu\/wp-json\/wp\/v2\/product_tag?post=738"}],"curies":[{"name":"wp","href":"https:\/\/api.w.org\/{rel}","templated":true}]}}