{"id":5901,"date":"2026-04-16T08:04:51","date_gmt":"2026-04-16T08:04:51","guid":{"rendered":"https:\/\/www.wonpet.com\/?post_type=product&#038;p=5901"},"modified":"2026-04-16T08:05:11","modified_gmt":"2026-04-16T08:05:11","slug":"cat-supply-moving-cat-toy-funny-playing-11","status":"publish","type":"product","link":"https:\/\/www.wonpet.com\/hu\/termek\/cat-supply-moving-cat-toy-funny-playing-11\/","title":{"rendered":"Macskaell\u00e1t\u00e1s mozg\u00f3 macskaj\u00e1t\u00e9k vicces j\u00e1t\u00e9k"},"content":{"rendered":"","protected":false},"excerpt":{"rendered":"<p>ITEM NO.: SD2410027<\/p>\n<p>M\u00c9RETE: 10cm\u2026 <a href=\"https:\/\/www.wonpet.com\/hu\/termek\/cat-supply-moving-cat-toy-funny-playing-11\/\" class=\"more-link\"><span class=\"more-button\">V\u00e1s\u00e1rolj most<span class=\"screen-reader-text\">Macskaell\u00e1t\u00e1s mozg\u00f3 macskaj\u00e1t\u00e9k vicces j\u00e1t\u00e9k<\/span><\/span><\/a><\/p>","protected":false},"featured_media":5883,"template":"","meta":[],"product_brand":[],"product_cat":[46,19],"product_tag":[115,74],"class_list":{"0":"post-5901","1":"product","2":"type-product","3":"status-publish","4":"has-post-thumbnail","6":"product_cat-animals-others","7":"product_cat-cat_toy","8":"product_tag-dog-supply","9":"product_tag-funny-dog-toys","11":"first","12":"instock","13":"shipping-taxable","14":"product-type-simple"},"_links":{"self":[{"href":"https:\/\/www.wonpet.com\/hu\/wp-json\/wp\/v2\/product\/5901","targetHints":{"allow":["GET"]}}],"collection":[{"href":"https:\/\/www.wonpet.com\/hu\/wp-json\/wp\/v2\/product"}],"about":[{"href":"https:\/\/www.wonpet.com\/hu\/wp-json\/wp\/v2\/types\/product"}],"wp:featuredmedia":[{"embeddable":true,"href":"https:\/\/www.wonpet.com\/hu\/wp-json\/wp\/v2\/media\/5883"}],"wp:attachment":[{"href":"https:\/\/www.wonpet.com\/hu\/wp-json\/wp\/v2\/media?parent=5901"}],"wp:term":[{"taxonomy":"product_brand","embeddable":true,"href":"https:\/\/www.wonpet.com\/hu\/wp-json\/wp\/v2\/product_brand?post=5901"},{"taxonomy":"product_cat","embeddable":true,"href":"https:\/\/www.wonpet.com\/hu\/wp-json\/wp\/v2\/product_cat?post=5901"},{"taxonomy":"product_tag","embeddable":true,"href":"https:\/\/www.wonpet.com\/hu\/wp-json\/wp\/v2\/product_tag?post=5901"}],"curies":[{"name":"wp","href":"https:\/\/api.w.org\/{rel}","templated":true}]}}