{"id":546,"date":"2019-11-06T03:33:53","date_gmt":"2019-11-06T03:33:53","guid":{"rendered":"https:\/\/www.wonpet.com\/?post_type=product&#038;p=546"},"modified":"2019-11-06T03:33:54","modified_gmt":"2019-11-06T03:33:54","slug":"kisallat-muanyag-kefe-kutyaapolo-kefe-kutyara-6","status":"publish","type":"product","link":"https:\/\/www.wonpet.com\/hu\/termek\/kisallat-muanyag-kefe-kutyaapolo-kefe-kutyara-6\/","title":{"rendered":"Kis\u00e1llat m\u0171anyag kefe kutya \u00e1pol\u00f3kefe kuty\u00e1k sz\u00e1m\u00e1ra"},"content":{"rendered":"","protected":false},"excerpt":{"rendered":"<p><strong>CIKKSZ\u00c1M: GR1027-M \/ L<\/strong><\/p>\n<p><strong>M\u00c9RETE: 15cm \/ 18cm<\/strong> ... <a href=\"https:\/\/www.wonpet.com\/hu\/termek\/kisallat-muanyag-kefe-kutyaapolo-kefe-kutyara-6\/\" class=\"more-link\"><span class=\"more-button\">V\u00e1s\u00e1rolj most<span class=\"screen-reader-text\">Kis\u00e1llat m\u0171anyag kefe kutya \u00e1pol\u00f3kefe kuty\u00e1k sz\u00e1m\u00e1ra<\/span><\/span><\/a><\/p>","protected":false},"featured_media":547,"template":"","meta":[],"product_brand":[],"product_cat":[60,59],"product_tag":[102],"class_list":{"0":"post-546","1":"product","2":"type-product","3":"status-publish","4":"has-post-thumbnail","6":"product_cat-grooming","7":"product_cat-pet-supplies","8":"product_tag-pet-plastic-brush","10":"first","11":"instock","12":"shipping-taxable","13":"product-type-simple"},"_links":{"self":[{"href":"https:\/\/www.wonpet.com\/hu\/wp-json\/wp\/v2\/product\/546","targetHints":{"allow":["GET"]}}],"collection":[{"href":"https:\/\/www.wonpet.com\/hu\/wp-json\/wp\/v2\/product"}],"about":[{"href":"https:\/\/www.wonpet.com\/hu\/wp-json\/wp\/v2\/types\/product"}],"wp:featuredmedia":[{"embeddable":true,"href":"https:\/\/www.wonpet.com\/hu\/wp-json\/wp\/v2\/media\/547"}],"wp:attachment":[{"href":"https:\/\/www.wonpet.com\/hu\/wp-json\/wp\/v2\/media?parent=546"}],"wp:term":[{"taxonomy":"product_brand","embeddable":true,"href":"https:\/\/www.wonpet.com\/hu\/wp-json\/wp\/v2\/product_brand?post=546"},{"taxonomy":"product_cat","embeddable":true,"href":"https:\/\/www.wonpet.com\/hu\/wp-json\/wp\/v2\/product_cat?post=546"},{"taxonomy":"product_tag","embeddable":true,"href":"https:\/\/www.wonpet.com\/hu\/wp-json\/wp\/v2\/product_tag?post=546"}],"curies":[{"name":"wp","href":"https:\/\/api.w.org\/{rel}","templated":true}]}}