{"id":534,"date":"2019-11-06T02:55:48","date_gmt":"2019-11-06T02:55:48","guid":{"rendered":"https:\/\/www.wonpet.com\/?post_type=product&#038;p=534"},"modified":"2019-11-06T02:55:49","modified_gmt":"2019-11-06T02:55:49","slug":"kisallat-muanyag-kefe-kutyaapolo-kefe-kutyara-hasznalatra","status":"publish","type":"product","link":"https:\/\/www.wonpet.com\/hu\/termek\/kisallat-muanyag-kefe-kutyaapolo-kefe-kutyara-hasznalatra\/","title":{"rendered":"Kis\u00e1llat m\u0171anyag kefe kutya \u00e1pol\u00f3kefe kuty\u00e1k sz\u00e1m\u00e1ra"},"content":{"rendered":"","protected":false},"excerpt":{"rendered":"<p><strong>CIKKSZ\u00c1M: 1011M \/ 1011L<\/strong><\/p>\n<p><strong>M\u00c9RETE: 16*10,5cm \/ 19*11cm<\/strong> ... <a href=\"https:\/\/www.wonpet.com\/hu\/termek\/kisallat-muanyag-kefe-kutyaapolo-kefe-kutyara-hasznalatra\/\" class=\"more-link\"><span class=\"more-button\">V\u00e1s\u00e1rolj most<span class=\"screen-reader-text\">Kis\u00e1llat m\u0171anyag kefe kutya \u00e1pol\u00f3kefe kuty\u00e1k sz\u00e1m\u00e1ra<\/span><\/span><\/a><\/p>","protected":false},"featured_media":535,"template":"","meta":[],"product_brand":[],"product_cat":[60,59],"product_tag":[98,102],"class_list":{"0":"post-534","1":"product","2":"type-product","3":"status-publish","4":"has-post-thumbnail","6":"product_cat-grooming","7":"product_cat-pet-supplies","8":"product_tag-dog-brush","9":"product_tag-pet-plastic-brush","11":"first","12":"instock","13":"shipping-taxable","14":"product-type-simple"},"_links":{"self":[{"href":"https:\/\/www.wonpet.com\/hu\/wp-json\/wp\/v2\/product\/534","targetHints":{"allow":["GET"]}}],"collection":[{"href":"https:\/\/www.wonpet.com\/hu\/wp-json\/wp\/v2\/product"}],"about":[{"href":"https:\/\/www.wonpet.com\/hu\/wp-json\/wp\/v2\/types\/product"}],"wp:featuredmedia":[{"embeddable":true,"href":"https:\/\/www.wonpet.com\/hu\/wp-json\/wp\/v2\/media\/535"}],"wp:attachment":[{"href":"https:\/\/www.wonpet.com\/hu\/wp-json\/wp\/v2\/media?parent=534"}],"wp:term":[{"taxonomy":"product_brand","embeddable":true,"href":"https:\/\/www.wonpet.com\/hu\/wp-json\/wp\/v2\/product_brand?post=534"},{"taxonomy":"product_cat","embeddable":true,"href":"https:\/\/www.wonpet.com\/hu\/wp-json\/wp\/v2\/product_cat?post=534"},{"taxonomy":"product_tag","embeddable":true,"href":"https:\/\/www.wonpet.com\/hu\/wp-json\/wp\/v2\/product_tag?post=534"}],"curies":[{"name":"wp","href":"https:\/\/api.w.org\/{rel}","templated":true}]}}