{"id":533,"date":"2019-11-06T02:43:47","date_gmt":"2019-11-06T02:43:47","guid":{"rendered":"https:\/\/www.wonpet.com\/?post_type=product&#038;p=533"},"modified":"2019-11-06T02:43:47","modified_gmt":"2019-11-06T02:43:47","slug":"kisallat-apolas-fesu-kutya-fem-fesu","status":"publish","type":"product","link":"https:\/\/www.wonpet.com\/hu\/termek\/kisallat-apolas-fesu-kutya-fem-fesu\/","title":{"rendered":"Kis\u00e1llat \u00e1pol\u00f3 f\u00e9s\u0171 kutya f\u00e9m f\u00e9s\u0171"},"content":{"rendered":"","protected":false},"excerpt":{"rendered":"<p>CIKKSZ\u00c1M: 9861 \u2026 <a href=\"https:\/\/www.wonpet.com\/hu\/termek\/kisallat-apolas-fesu-kutya-fem-fesu\/\" class=\"more-link\"><span class=\"more-button\">V\u00e1s\u00e1rolj most<span class=\"screen-reader-text\">Kis\u00e1llat \u00e1pol\u00f3 f\u00e9s\u0171 kutya f\u00e9m f\u00e9s\u0171<\/span><\/span><\/a><\/p>","protected":false},"featured_media":523,"template":"","meta":[],"product_brand":[],"product_cat":[60,59],"product_tag":[101],"class_list":{"0":"post-533","1":"product","2":"type-product","3":"status-publish","4":"has-post-thumbnail","6":"product_cat-grooming","7":"product_cat-pet-supplies","8":"product_tag-dog-comb","10":"first","11":"instock","12":"shipping-taxable","13":"product-type-simple"},"_links":{"self":[{"href":"https:\/\/www.wonpet.com\/hu\/wp-json\/wp\/v2\/product\/533","targetHints":{"allow":["GET"]}}],"collection":[{"href":"https:\/\/www.wonpet.com\/hu\/wp-json\/wp\/v2\/product"}],"about":[{"href":"https:\/\/www.wonpet.com\/hu\/wp-json\/wp\/v2\/types\/product"}],"wp:featuredmedia":[{"embeddable":true,"href":"https:\/\/www.wonpet.com\/hu\/wp-json\/wp\/v2\/media\/523"}],"wp:attachment":[{"href":"https:\/\/www.wonpet.com\/hu\/wp-json\/wp\/v2\/media?parent=533"}],"wp:term":[{"taxonomy":"product_brand","embeddable":true,"href":"https:\/\/www.wonpet.com\/hu\/wp-json\/wp\/v2\/product_brand?post=533"},{"taxonomy":"product_cat","embeddable":true,"href":"https:\/\/www.wonpet.com\/hu\/wp-json\/wp\/v2\/product_cat?post=533"},{"taxonomy":"product_tag","embeddable":true,"href":"https:\/\/www.wonpet.com\/hu\/wp-json\/wp\/v2\/product_tag?post=533"}],"curies":[{"name":"wp","href":"https:\/\/api.w.org\/{rel}","templated":true}]}}