{"id":532,"date":"2019-11-06T02:42:52","date_gmt":"2019-11-06T02:42:52","guid":{"rendered":"https:\/\/www.wonpet.com\/?post_type=product&#038;p=532"},"modified":"2019-11-06T02:42:53","modified_gmt":"2019-11-06T02:42:53","slug":"kisallat-fakefe-kutyaapolo-fesu-2","status":"publish","type":"product","link":"https:\/\/www.wonpet.com\/hu\/termek\/kisallat-fakefe-kutyaapolo-fesu-2\/","title":{"rendered":"Kis\u00e1llat fakefe kutya \u00e1pol\u00f3 f\u00e9s\u0171"},"content":{"rendered":"","protected":false},"excerpt":{"rendered":"<p><strong>CIKKSZ\u00c1M: 9652L<\/strong><\/p>\n<p><strong>M\u00c9RETE: 17,5cm<\/strong> ... <a href=\"https:\/\/www.wonpet.com\/hu\/termek\/kisallat-fakefe-kutyaapolo-fesu-2\/\" class=\"more-link\"><span class=\"more-button\">V\u00e1s\u00e1rolj most<span class=\"screen-reader-text\">Kis\u00e1llat fakefe kutya \u00e1pol\u00f3 f\u00e9s\u0171<\/span><\/span><\/a><\/p>","protected":false},"featured_media":521,"template":"","meta":[],"product_brand":[],"product_cat":[60,59],"product_tag":[98,101],"class_list":{"0":"post-532","1":"product","2":"type-product","3":"status-publish","4":"has-post-thumbnail","6":"product_cat-grooming","7":"product_cat-pet-supplies","8":"product_tag-dog-brush","9":"product_tag-dog-comb","11":"first","12":"instock","13":"shipping-taxable","14":"product-type-simple"},"_links":{"self":[{"href":"https:\/\/www.wonpet.com\/hu\/wp-json\/wp\/v2\/product\/532","targetHints":{"allow":["GET"]}}],"collection":[{"href":"https:\/\/www.wonpet.com\/hu\/wp-json\/wp\/v2\/product"}],"about":[{"href":"https:\/\/www.wonpet.com\/hu\/wp-json\/wp\/v2\/types\/product"}],"wp:featuredmedia":[{"embeddable":true,"href":"https:\/\/www.wonpet.com\/hu\/wp-json\/wp\/v2\/media\/521"}],"wp:attachment":[{"href":"https:\/\/www.wonpet.com\/hu\/wp-json\/wp\/v2\/media?parent=532"}],"wp:term":[{"taxonomy":"product_brand","embeddable":true,"href":"https:\/\/www.wonpet.com\/hu\/wp-json\/wp\/v2\/product_brand?post=532"},{"taxonomy":"product_cat","embeddable":true,"href":"https:\/\/www.wonpet.com\/hu\/wp-json\/wp\/v2\/product_cat?post=532"},{"taxonomy":"product_tag","embeddable":true,"href":"https:\/\/www.wonpet.com\/hu\/wp-json\/wp\/v2\/product_tag?post=532"}],"curies":[{"name":"wp","href":"https:\/\/api.w.org\/{rel}","templated":true}]}}