{"id":5215,"date":"2023-04-14T05:41:05","date_gmt":"2023-04-14T05:41:05","guid":{"rendered":"https:\/\/www.wonpet.com\/?post_type=product&#038;p=5215"},"modified":"2023-04-14T05:41:06","modified_gmt":"2023-04-14T05:41:06","slug":"kisallat-ellatas-kutya-jatekok-nyikorgoban","status":"publish","type":"product","link":"https:\/\/www.wonpet.com\/hu\/termek\/kisallat-ellatas-kutya-jatekok-nyikorgoban\/","title":{"rendered":"Pet Supply Kutyaj\u00e1t\u00e9kok Squeaky sz\u00ednben"},"content":{"rendered":"","protected":false},"excerpt":{"rendered":"<p>CIKKSZ\u00c1MA: PL2303026<br \/>\nM\u00c9RETE: 20cm\u2026 <a href=\"https:\/\/www.wonpet.com\/hu\/termek\/kisallat-ellatas-kutya-jatekok-nyikorgoban\/\" class=\"more-link\"><span class=\"more-button\">V\u00e1s\u00e1rolj most<span class=\"screen-reader-text\">Pet Supply Kutyaj\u00e1t\u00e9kok Squeaky sz\u00ednben<\/span><\/span><\/a><\/p>","protected":false},"featured_media":5226,"template":"","meta":[],"product_brand":[],"product_cat":[18,51],"product_tag":[],"class_list":{"0":"post-5215","1":"product","2":"type-product","3":"status-publish","4":"has-post-thumbnail","6":"product_cat-dog_toy","7":"product_cat-plush-toy","9":"first","10":"instock","11":"shipping-taxable","12":"product-type-simple"},"_links":{"self":[{"href":"https:\/\/www.wonpet.com\/hu\/wp-json\/wp\/v2\/product\/5215","targetHints":{"allow":["GET"]}}],"collection":[{"href":"https:\/\/www.wonpet.com\/hu\/wp-json\/wp\/v2\/product"}],"about":[{"href":"https:\/\/www.wonpet.com\/hu\/wp-json\/wp\/v2\/types\/product"}],"wp:featuredmedia":[{"embeddable":true,"href":"https:\/\/www.wonpet.com\/hu\/wp-json\/wp\/v2\/media\/5226"}],"wp:attachment":[{"href":"https:\/\/www.wonpet.com\/hu\/wp-json\/wp\/v2\/media?parent=5215"}],"wp:term":[{"taxonomy":"product_brand","embeddable":true,"href":"https:\/\/www.wonpet.com\/hu\/wp-json\/wp\/v2\/product_brand?post=5215"},{"taxonomy":"product_cat","embeddable":true,"href":"https:\/\/www.wonpet.com\/hu\/wp-json\/wp\/v2\/product_cat?post=5215"},{"taxonomy":"product_tag","embeddable":true,"href":"https:\/\/www.wonpet.com\/hu\/wp-json\/wp\/v2\/product_tag?post=5215"}],"curies":[{"name":"wp","href":"https:\/\/api.w.org\/{rel}","templated":true}]}}