{"id":5081,"date":"2023-04-13T08:01:23","date_gmt":"2023-04-13T08:01:23","guid":{"rendered":"https:\/\/www.wonpet.com\/?post_type=product&#038;p=5081"},"modified":"2023-04-13T08:01:24","modified_gmt":"2023-04-13T08:01:24","slug":"pluss-kutya-jatekok-tpr-6","status":"publish","type":"product","link":"https:\/\/www.wonpet.com\/hu\/termek\/pluss-kutya-jatekok-tpr-6\/","title":{"rendered":"Pl\u00fcss kutyaj\u00e1t\u00e9kok TPR-vel"},"content":{"rendered":"","protected":false},"excerpt":{"rendered":"<p>CIKKSZ\u00c1M: PL2303007<br \/>\nM\u00c9RETE: 22cm\u2026 <a href=\"https:\/\/www.wonpet.com\/hu\/termek\/pluss-kutya-jatekok-tpr-6\/\" class=\"more-link\"><span class=\"more-button\">V\u00e1s\u00e1rolj most<span class=\"screen-reader-text\">Pl\u00fcss kutyaj\u00e1t\u00e9kok TPR-vel<\/span><\/span><\/a><\/p>","protected":false},"featured_media":5083,"template":"","meta":[],"product_brand":[],"product_cat":[18,51,39],"product_tag":[],"class_list":{"0":"post-5081","1":"product","2":"type-product","3":"status-publish","4":"has-post-thumbnail","6":"product_cat-dog_toy","7":"product_cat-plush-toy","8":"product_cat-tpr-toy","10":"first","11":"instock","12":"shipping-taxable","13":"product-type-simple"},"_links":{"self":[{"href":"https:\/\/www.wonpet.com\/hu\/wp-json\/wp\/v2\/product\/5081","targetHints":{"allow":["GET"]}}],"collection":[{"href":"https:\/\/www.wonpet.com\/hu\/wp-json\/wp\/v2\/product"}],"about":[{"href":"https:\/\/www.wonpet.com\/hu\/wp-json\/wp\/v2\/types\/product"}],"wp:featuredmedia":[{"embeddable":true,"href":"https:\/\/www.wonpet.com\/hu\/wp-json\/wp\/v2\/media\/5083"}],"wp:attachment":[{"href":"https:\/\/www.wonpet.com\/hu\/wp-json\/wp\/v2\/media?parent=5081"}],"wp:term":[{"taxonomy":"product_brand","embeddable":true,"href":"https:\/\/www.wonpet.com\/hu\/wp-json\/wp\/v2\/product_brand?post=5081"},{"taxonomy":"product_cat","embeddable":true,"href":"https:\/\/www.wonpet.com\/hu\/wp-json\/wp\/v2\/product_cat?post=5081"},{"taxonomy":"product_tag","embeddable":true,"href":"https:\/\/www.wonpet.com\/hu\/wp-json\/wp\/v2\/product_tag?post=5081"}],"curies":[{"name":"wp","href":"https:\/\/api.w.org\/{rel}","templated":true}]}}