{"id":4964,"date":"2023-04-13T06:14:29","date_gmt":"2023-04-13T06:14:29","guid":{"rendered":"https:\/\/www.wonpet.com\/?post_type=product&#038;p=4964"},"modified":"2023-04-13T06:14:29","modified_gmt":"2023-04-13T06:14:29","slug":"kutya-ellatas-tpr-gumi-kutya-jatekok-7","status":"publish","type":"product","link":"https:\/\/www.wonpet.com\/hu\/termek\/kutya-ellatas-tpr-gumi-kutya-jatekok-7\/","title":{"rendered":"Kutyaell\u00e1t\u00e1s TPR gumis kutyaj\u00e1t\u00e9kok"},"content":{"rendered":"","protected":false},"excerpt":{"rendered":"<p>CIKKSZ\u00c1M: TPR2303018<br \/>\nM\u00c9RETE: 7cm\u2026 <a href=\"https:\/\/www.wonpet.com\/hu\/termek\/kutya-ellatas-tpr-gumi-kutya-jatekok-7\/\" class=\"more-link\"><span class=\"more-button\">V\u00e1s\u00e1rolj most<span class=\"screen-reader-text\">Kutyaell\u00e1t\u00e1s TPR gumis kutyaj\u00e1t\u00e9kok<\/span><\/span><\/a><\/p>","protected":false},"featured_media":4965,"template":"","meta":[],"product_brand":[],"product_cat":[18,39],"product_tag":[],"class_list":{"0":"post-4964","1":"product","2":"type-product","3":"status-publish","4":"has-post-thumbnail","6":"product_cat-dog_toy","7":"product_cat-tpr-toy","9":"first","10":"instock","11":"shipping-taxable","12":"product-type-simple"},"_links":{"self":[{"href":"https:\/\/www.wonpet.com\/hu\/wp-json\/wp\/v2\/product\/4964","targetHints":{"allow":["GET"]}}],"collection":[{"href":"https:\/\/www.wonpet.com\/hu\/wp-json\/wp\/v2\/product"}],"about":[{"href":"https:\/\/www.wonpet.com\/hu\/wp-json\/wp\/v2\/types\/product"}],"wp:featuredmedia":[{"embeddable":true,"href":"https:\/\/www.wonpet.com\/hu\/wp-json\/wp\/v2\/media\/4965"}],"wp:attachment":[{"href":"https:\/\/www.wonpet.com\/hu\/wp-json\/wp\/v2\/media?parent=4964"}],"wp:term":[{"taxonomy":"product_brand","embeddable":true,"href":"https:\/\/www.wonpet.com\/hu\/wp-json\/wp\/v2\/product_brand?post=4964"},{"taxonomy":"product_cat","embeddable":true,"href":"https:\/\/www.wonpet.com\/hu\/wp-json\/wp\/v2\/product_cat?post=4964"},{"taxonomy":"product_tag","embeddable":true,"href":"https:\/\/www.wonpet.com\/hu\/wp-json\/wp\/v2\/product_tag?post=4964"}],"curies":[{"name":"wp","href":"https:\/\/api.w.org\/{rel}","templated":true}]}}