{"id":4794,"date":"2023-04-13T02:07:01","date_gmt":"2023-04-13T02:07:01","guid":{"rendered":"https:\/\/www.wonpet.com\/?post_type=product&#038;p=4794"},"modified":"2023-04-13T02:07:59","modified_gmt":"2023-04-13T02:07:59","slug":"macskajatekok-41","status":"publish","type":"product","link":"https:\/\/www.wonpet.com\/hu\/termek\/macskajatekok-41\/","title":{"rendered":"Macskaj\u00e1t\u00e9kok"},"content":{"rendered":"","protected":false},"excerpt":{"rendered":"<p>CIKKSZ\u00c1M: CT2304052<\/p>\n<p>M\u00c9RETE: 7,5 cm\u2026 <a href=\"https:\/\/www.wonpet.com\/hu\/termek\/macskajatekok-41\/\" class=\"more-link\"><span class=\"more-button\">V\u00e1s\u00e1rolj most<span class=\"screen-reader-text\">Macskaj\u00e1t\u00e9kok<\/span><\/span><\/a><\/p>","protected":false},"featured_media":4795,"template":"","meta":[],"product_brand":[],"product_cat":[19,45],"product_tag":[],"class_list":{"0":"post-4794","1":"product","2":"type-product","3":"status-publish","4":"has-post-thumbnail","6":"product_cat-cat_toy","7":"product_cat-mouse","9":"first","10":"instock","11":"shipping-taxable","12":"product-type-simple"},"_links":{"self":[{"href":"https:\/\/www.wonpet.com\/hu\/wp-json\/wp\/v2\/product\/4794","targetHints":{"allow":["GET"]}}],"collection":[{"href":"https:\/\/www.wonpet.com\/hu\/wp-json\/wp\/v2\/product"}],"about":[{"href":"https:\/\/www.wonpet.com\/hu\/wp-json\/wp\/v2\/types\/product"}],"wp:featuredmedia":[{"embeddable":true,"href":"https:\/\/www.wonpet.com\/hu\/wp-json\/wp\/v2\/media\/4795"}],"wp:attachment":[{"href":"https:\/\/www.wonpet.com\/hu\/wp-json\/wp\/v2\/media?parent=4794"}],"wp:term":[{"taxonomy":"product_brand","embeddable":true,"href":"https:\/\/www.wonpet.com\/hu\/wp-json\/wp\/v2\/product_brand?post=4794"},{"taxonomy":"product_cat","embeddable":true,"href":"https:\/\/www.wonpet.com\/hu\/wp-json\/wp\/v2\/product_cat?post=4794"},{"taxonomy":"product_tag","embeddable":true,"href":"https:\/\/www.wonpet.com\/hu\/wp-json\/wp\/v2\/product_tag?post=4794"}],"curies":[{"name":"wp","href":"https:\/\/api.w.org\/{rel}","templated":true}]}}