{"id":4749,"date":"2023-04-12T09:03:00","date_gmt":"2023-04-12T09:03:00","guid":{"rendered":"https:\/\/www.wonpet.com\/?post_type=product&#038;p=4749"},"modified":"2023-04-12T09:03:36","modified_gmt":"2023-04-12T09:03:36","slug":"macskajatekok-21","status":"publish","type":"product","link":"https:\/\/www.wonpet.com\/hu\/termek\/macskajatekok-21\/","title":{"rendered":"Macskaj\u00e1t\u00e9kok"},"content":{"rendered":"","protected":false},"excerpt":{"rendered":"<p>CIKKSZ\u00c1M: CT2304032<\/p>\n<p>M\u00c9RETE: 10cm\u2026 <a href=\"https:\/\/www.wonpet.com\/hu\/termek\/macskajatekok-21\/\" class=\"more-link\"><span class=\"more-button\">V\u00e1s\u00e1rolj most<span class=\"screen-reader-text\">Macskaj\u00e1t\u00e9kok<\/span><\/span><\/a><\/p>","protected":false},"featured_media":4750,"template":"","meta":[],"product_brand":[],"product_cat":[46,19],"product_tag":[],"class_list":{"0":"post-4749","1":"product","2":"type-product","3":"status-publish","4":"has-post-thumbnail","6":"product_cat-animals-others","7":"product_cat-cat_toy","9":"first","10":"instock","11":"shipping-taxable","12":"product-type-simple"},"_links":{"self":[{"href":"https:\/\/www.wonpet.com\/hu\/wp-json\/wp\/v2\/product\/4749","targetHints":{"allow":["GET"]}}],"collection":[{"href":"https:\/\/www.wonpet.com\/hu\/wp-json\/wp\/v2\/product"}],"about":[{"href":"https:\/\/www.wonpet.com\/hu\/wp-json\/wp\/v2\/types\/product"}],"wp:featuredmedia":[{"embeddable":true,"href":"https:\/\/www.wonpet.com\/hu\/wp-json\/wp\/v2\/media\/4750"}],"wp:attachment":[{"href":"https:\/\/www.wonpet.com\/hu\/wp-json\/wp\/v2\/media?parent=4749"}],"wp:term":[{"taxonomy":"product_brand","embeddable":true,"href":"https:\/\/www.wonpet.com\/hu\/wp-json\/wp\/v2\/product_brand?post=4749"},{"taxonomy":"product_cat","embeddable":true,"href":"https:\/\/www.wonpet.com\/hu\/wp-json\/wp\/v2\/product_cat?post=4749"},{"taxonomy":"product_tag","embeddable":true,"href":"https:\/\/www.wonpet.com\/hu\/wp-json\/wp\/v2\/product_tag?post=4749"}],"curies":[{"name":"wp","href":"https:\/\/api.w.org\/{rel}","templated":true}]}}