{"id":4567,"date":"2022-04-26T05:30:36","date_gmt":"2022-04-26T05:30:36","guid":{"rendered":"https:\/\/www.wonpet.com\/?post_type=product&#038;p=4567"},"modified":"2022-04-26T05:35:49","modified_gmt":"2022-04-26T05:35:49","slug":"wonpet-cat-pamut-jatekok-macskamentaval-2","status":"publish","type":"product","link":"https:\/\/www.wonpet.com\/hu\/termek\/wonpet-cat-pamut-jatekok-macskamentaval-2\/","title":{"rendered":"WONPET Macskapamut j\u00e1t\u00e9kok macskament\u00e1val"},"content":{"rendered":"","protected":false},"excerpt":{"rendered":"<p>CIKKSZ\u00c1M: CT22034<\/p>\n<p>M\u00c9RETE: 20cm\u2026 <a href=\"https:\/\/www.wonpet.com\/hu\/termek\/wonpet-cat-pamut-jatekok-macskamentaval-2\/\" class=\"more-link\"><span class=\"more-button\">V\u00e1s\u00e1rolj most<span class=\"screen-reader-text\">WONPET Macskapamut j\u00e1t\u00e9kok macskament\u00e1val<\/span><\/span><\/a><\/p>","protected":false},"featured_media":4563,"template":"","meta":[],"product_brand":[],"product_cat":[19],"product_tag":[126,136],"class_list":{"0":"post-4567","1":"product","2":"type-product","3":"status-publish","4":"has-post-thumbnail","6":"product_cat-cat_toy","7":"product_tag-cat-ball-toys","8":"product_tag-stuffed-cotton-mouse","10":"first","11":"instock","12":"shipping-taxable","13":"product-type-simple"},"_links":{"self":[{"href":"https:\/\/www.wonpet.com\/hu\/wp-json\/wp\/v2\/product\/4567","targetHints":{"allow":["GET"]}}],"collection":[{"href":"https:\/\/www.wonpet.com\/hu\/wp-json\/wp\/v2\/product"}],"about":[{"href":"https:\/\/www.wonpet.com\/hu\/wp-json\/wp\/v2\/types\/product"}],"wp:featuredmedia":[{"embeddable":true,"href":"https:\/\/www.wonpet.com\/hu\/wp-json\/wp\/v2\/media\/4563"}],"wp:attachment":[{"href":"https:\/\/www.wonpet.com\/hu\/wp-json\/wp\/v2\/media?parent=4567"}],"wp:term":[{"taxonomy":"product_brand","embeddable":true,"href":"https:\/\/www.wonpet.com\/hu\/wp-json\/wp\/v2\/product_brand?post=4567"},{"taxonomy":"product_cat","embeddable":true,"href":"https:\/\/www.wonpet.com\/hu\/wp-json\/wp\/v2\/product_cat?post=4567"},{"taxonomy":"product_tag","embeddable":true,"href":"https:\/\/www.wonpet.com\/hu\/wp-json\/wp\/v2\/product_tag?post=4567"}],"curies":[{"name":"wp","href":"https:\/\/api.w.org\/{rel}","templated":true}]}}