{"id":4555,"date":"2022-04-26T05:18:18","date_gmt":"2022-04-26T05:18:18","guid":{"rendered":"https:\/\/www.wonpet.com\/?post_type=product&#038;p=4555"},"modified":"2022-04-26T05:21:27","modified_gmt":"2022-04-26T05:21:27","slug":"macska-jatekok-labda-csend-jatek-3","status":"publish","type":"product","link":"https:\/\/www.wonpet.com\/hu\/termek\/macska-jatekok-labda-csend-jatek-3\/","title":{"rendered":"Cat Toys Ball Csendes j\u00e1t\u00e9k"},"content":{"rendered":"","protected":false},"excerpt":{"rendered":"<p>CIKKSZ\u00c1M: CT22039<\/p>\n<p>M\u00c9RETE: 3,5cm+8cm\u2026 <a href=\"https:\/\/www.wonpet.com\/hu\/termek\/macska-jatekok-labda-csend-jatek-3\/\" class=\"more-link\"><span class=\"more-button\">V\u00e1s\u00e1rolj most<span class=\"screen-reader-text\">Cat Toys Ball Csendes j\u00e1t\u00e9k<\/span><\/span><\/a><\/p>","protected":false},"featured_media":4556,"template":"","meta":[],"product_brand":[],"product_cat":[44,19],"product_tag":[125,129],"class_list":{"0":"post-4555","1":"product","2":"type-product","3":"status-publish","4":"has-post-thumbnail","6":"product_cat-cat-ball","7":"product_cat-cat_toy","8":"product_tag-cat-supply","9":"product_tag-funny-cat-balls","11":"first","12":"instock","13":"shipping-taxable","14":"product-type-simple"},"_links":{"self":[{"href":"https:\/\/www.wonpet.com\/hu\/wp-json\/wp\/v2\/product\/4555","targetHints":{"allow":["GET"]}}],"collection":[{"href":"https:\/\/www.wonpet.com\/hu\/wp-json\/wp\/v2\/product"}],"about":[{"href":"https:\/\/www.wonpet.com\/hu\/wp-json\/wp\/v2\/types\/product"}],"wp:featuredmedia":[{"embeddable":true,"href":"https:\/\/www.wonpet.com\/hu\/wp-json\/wp\/v2\/media\/4556"}],"wp:attachment":[{"href":"https:\/\/www.wonpet.com\/hu\/wp-json\/wp\/v2\/media?parent=4555"}],"wp:term":[{"taxonomy":"product_brand","embeddable":true,"href":"https:\/\/www.wonpet.com\/hu\/wp-json\/wp\/v2\/product_brand?post=4555"},{"taxonomy":"product_cat","embeddable":true,"href":"https:\/\/www.wonpet.com\/hu\/wp-json\/wp\/v2\/product_cat?post=4555"},{"taxonomy":"product_tag","embeddable":true,"href":"https:\/\/www.wonpet.com\/hu\/wp-json\/wp\/v2\/product_tag?post=4555"}],"curies":[{"name":"wp","href":"https:\/\/api.w.org\/{rel}","templated":true}]}}