{"id":4495,"date":"2022-04-07T07:05:26","date_gmt":"2022-04-07T07:05:26","guid":{"rendered":"https:\/\/www.wonpet.com\/?post_type=product&#038;p=4495"},"modified":"2022-04-07T07:06:21","modified_gmt":"2022-04-07T07:06:21","slug":"wonpet-cat-cotton-toys-karacsonyi-mikulas-jatekok","status":"publish","type":"product","link":"https:\/\/www.wonpet.com\/hu\/termek\/wonpet-cat-cotton-toys-karacsonyi-mikulas-jatekok\/","title":{"rendered":"WONPET Cat Cotton Toys Kar\u00e1csonyi Mikul\u00e1s j\u00e1t\u00e9kok"},"content":{"rendered":"","protected":false},"excerpt":{"rendered":"<p>CIKKSZ\u00c1M: CT21037<\/p>\n<p>M\u00c9RETE: 7cm \/ 9cm\u2026 <a href=\"https:\/\/www.wonpet.com\/hu\/termek\/wonpet-cat-cotton-toys-karacsonyi-mikulas-jatekok\/\" class=\"more-link\"><span class=\"more-button\">V\u00e1s\u00e1rolj most<span class=\"screen-reader-text\">WONPET Cat Cotton Toys Kar\u00e1csonyi Mikul\u00e1s j\u00e1t\u00e9kok<\/span><\/span><\/a><\/p>","protected":false},"featured_media":4496,"template":"","meta":[],"product_brand":[],"product_cat":[46,19],"product_tag":[124,125],"class_list":{"0":"post-4495","1":"product","2":"type-product","3":"status-publish","4":"has-post-thumbnail","6":"product_cat-animals-others","7":"product_cat-cat_toy","8":"product_tag-cat-mouse-toy","9":"product_tag-cat-supply","11":"first","12":"instock","13":"shipping-taxable","14":"product-type-simple"},"_links":{"self":[{"href":"https:\/\/www.wonpet.com\/hu\/wp-json\/wp\/v2\/product\/4495","targetHints":{"allow":["GET"]}}],"collection":[{"href":"https:\/\/www.wonpet.com\/hu\/wp-json\/wp\/v2\/product"}],"about":[{"href":"https:\/\/www.wonpet.com\/hu\/wp-json\/wp\/v2\/types\/product"}],"wp:featuredmedia":[{"embeddable":true,"href":"https:\/\/www.wonpet.com\/hu\/wp-json\/wp\/v2\/media\/4496"}],"wp:attachment":[{"href":"https:\/\/www.wonpet.com\/hu\/wp-json\/wp\/v2\/media?parent=4495"}],"wp:term":[{"taxonomy":"product_brand","embeddable":true,"href":"https:\/\/www.wonpet.com\/hu\/wp-json\/wp\/v2\/product_brand?post=4495"},{"taxonomy":"product_cat","embeddable":true,"href":"https:\/\/www.wonpet.com\/hu\/wp-json\/wp\/v2\/product_cat?post=4495"},{"taxonomy":"product_tag","embeddable":true,"href":"https:\/\/www.wonpet.com\/hu\/wp-json\/wp\/v2\/product_tag?post=4495"}],"curies":[{"name":"wp","href":"https:\/\/api.w.org\/{rel}","templated":true}]}}