{"id":399,"date":"2019-11-05T02:00:39","date_gmt":"2019-11-05T02:00:39","guid":{"rendered":"https:\/\/www.wonpet.com\/?post_type=product&#038;p=399"},"modified":"2019-11-05T02:00:39","modified_gmt":"2019-11-05T02:00:39","slug":"batman-latex-jatek","status":"publish","type":"product","link":"https:\/\/www.wonpet.com\/hu\/termek\/batman-latex-jatek\/","title":{"rendered":"Batman latex j\u00e1t\u00e9k"},"content":{"rendered":"","protected":false},"excerpt":{"rendered":"<p><strong>T\u00e9telsz\u00e1m: LT15022<\/strong><\/p>\n<p><strong>M\u00c9RET: 12 cm<\/strong> ... <a href=\"https:\/\/www.wonpet.com\/hu\/termek\/batman-latex-jatek\/\" class=\"more-link\"><span class=\"more-button\">V\u00e1s\u00e1rolj most<span class=\"screen-reader-text\">Batman latex j\u00e1t\u00e9k<\/span><\/span><\/a><\/p>","protected":false},"featured_media":400,"template":"","meta":[],"product_brand":[],"product_cat":[18,20],"product_tag":[74,23],"class_list":{"0":"post-399","1":"product","2":"type-product","3":"status-publish","4":"has-post-thumbnail","6":"product_cat-dog_toy","7":"product_cat-latex_dog_toys","8":"product_tag-funny-dog-toys","9":"product_tag-squeaky-dog-toys","11":"first","12":"instock","13":"shipping-taxable","14":"product-type-simple"},"_links":{"self":[{"href":"https:\/\/www.wonpet.com\/hu\/wp-json\/wp\/v2\/product\/399","targetHints":{"allow":["GET"]}}],"collection":[{"href":"https:\/\/www.wonpet.com\/hu\/wp-json\/wp\/v2\/product"}],"about":[{"href":"https:\/\/www.wonpet.com\/hu\/wp-json\/wp\/v2\/types\/product"}],"wp:featuredmedia":[{"embeddable":true,"href":"https:\/\/www.wonpet.com\/hu\/wp-json\/wp\/v2\/media\/400"}],"wp:attachment":[{"href":"https:\/\/www.wonpet.com\/hu\/wp-json\/wp\/v2\/media?parent=399"}],"wp:term":[{"taxonomy":"product_brand","embeddable":true,"href":"https:\/\/www.wonpet.com\/hu\/wp-json\/wp\/v2\/product_brand?post=399"},{"taxonomy":"product_cat","embeddable":true,"href":"https:\/\/www.wonpet.com\/hu\/wp-json\/wp\/v2\/product_cat?post=399"},{"taxonomy":"product_tag","embeddable":true,"href":"https:\/\/www.wonpet.com\/hu\/wp-json\/wp\/v2\/product_tag?post=399"}],"curies":[{"name":"wp","href":"https:\/\/api.w.org\/{rel}","templated":true}]}}