{"id":331,"date":"2019-11-01T07:16:27","date_gmt":"2019-11-01T07:16:27","guid":{"rendered":"https:\/\/www.wonpet.com\/?post_type=product&#038;p=331"},"modified":"2019-11-01T07:16:28","modified_gmt":"2019-11-01T07:16:28","slug":"latex-kutya-jatekok-csikorgo-jatekok","status":"publish","type":"product","link":"https:\/\/www.wonpet.com\/hu\/termek\/latex-kutya-jatekok-csikorgo-jatekok\/","title":{"rendered":"Latex kutyaj\u00e1t\u00e9kok Squeaky j\u00e1t\u00e9kok"},"content":{"rendered":"","protected":false},"excerpt":{"rendered":"<p><strong>CIKKSZ\u00c1M: LT17028<\/strong><\/p>\n<p><strong>M\u00c9RETE: 15cm \/ 16,5cm<\/strong> ... <a href=\"https:\/\/www.wonpet.com\/hu\/termek\/latex-kutya-jatekok-csikorgo-jatekok\/\" class=\"more-link\"><span class=\"more-button\">V\u00e1s\u00e1rolj most<span class=\"screen-reader-text\">Latex kutyaj\u00e1t\u00e9kok Squeaky j\u00e1t\u00e9kok<\/span><\/span><\/a><\/p>","protected":false},"featured_media":332,"template":"","meta":[],"product_brand":[],"product_cat":[18,20],"product_tag":[68,23],"class_list":{"0":"post-331","1":"product","2":"type-product","3":"status-publish","4":"has-post-thumbnail","6":"product_cat-dog_toy","7":"product_cat-latex_dog_toys","8":"product_tag-dog-toy-set","9":"product_tag-squeaky-dog-toys","11":"first","12":"instock","13":"shipping-taxable","14":"product-type-simple"},"_links":{"self":[{"href":"https:\/\/www.wonpet.com\/hu\/wp-json\/wp\/v2\/product\/331","targetHints":{"allow":["GET"]}}],"collection":[{"href":"https:\/\/www.wonpet.com\/hu\/wp-json\/wp\/v2\/product"}],"about":[{"href":"https:\/\/www.wonpet.com\/hu\/wp-json\/wp\/v2\/types\/product"}],"wp:featuredmedia":[{"embeddable":true,"href":"https:\/\/www.wonpet.com\/hu\/wp-json\/wp\/v2\/media\/332"}],"wp:attachment":[{"href":"https:\/\/www.wonpet.com\/hu\/wp-json\/wp\/v2\/media?parent=331"}],"wp:term":[{"taxonomy":"product_brand","embeddable":true,"href":"https:\/\/www.wonpet.com\/hu\/wp-json\/wp\/v2\/product_brand?post=331"},{"taxonomy":"product_cat","embeddable":true,"href":"https:\/\/www.wonpet.com\/hu\/wp-json\/wp\/v2\/product_cat?post=331"},{"taxonomy":"product_tag","embeddable":true,"href":"https:\/\/www.wonpet.com\/hu\/wp-json\/wp\/v2\/product_tag?post=331"}],"curies":[{"name":"wp","href":"https:\/\/api.w.org\/{rel}","templated":true}]}}