{"id":306,"date":"2019-11-01T06:36:26","date_gmt":"2019-11-01T06:36:26","guid":{"rendered":"https:\/\/www.wonpet.com\/?post_type=product&#038;p=306"},"modified":"2019-11-01T07:55:48","modified_gmt":"2019-11-01T07:55:48","slug":"306","status":"publish","type":"product","link":"https:\/\/www.wonpet.com\/hu\/termek\/306\/","title":{"rendered":"Monster Dog j\u00e1t\u00e9k latex j\u00e1t\u00e9k"},"content":{"rendered":"","protected":false},"excerpt":{"rendered":"<p><strong>PONT: LT19023 \/ LT19013<\/strong><\/p>\n<p><strong>M\u00c9RET: 16 cm3 \/ 17,5 cm<\/strong> ... <a href=\"https:\/\/www.wonpet.com\/hu\/termek\/306\/\" class=\"more-link\"><span class=\"more-button\">V\u00e1s\u00e1rolj most<span class=\"screen-reader-text\">Monster Dog j\u00e1t\u00e9k latex j\u00e1t\u00e9k<\/span><\/span><\/a><\/p>","protected":false},"featured_media":307,"template":"","meta":[],"product_brand":[],"product_cat":[18,20],"product_tag":[64,23],"class_list":{"0":"post-306","1":"product","2":"type-product","3":"status-publish","4":"has-post-thumbnail","6":"product_cat-dog_toy","7":"product_cat-latex_dog_toys","8":"product_tag-playing-toy","9":"product_tag-squeaky-dog-toys","11":"first","12":"instock","13":"shipping-taxable","14":"product-type-simple"},"_links":{"self":[{"href":"https:\/\/www.wonpet.com\/hu\/wp-json\/wp\/v2\/product\/306","targetHints":{"allow":["GET"]}}],"collection":[{"href":"https:\/\/www.wonpet.com\/hu\/wp-json\/wp\/v2\/product"}],"about":[{"href":"https:\/\/www.wonpet.com\/hu\/wp-json\/wp\/v2\/types\/product"}],"wp:featuredmedia":[{"embeddable":true,"href":"https:\/\/www.wonpet.com\/hu\/wp-json\/wp\/v2\/media\/307"}],"wp:attachment":[{"href":"https:\/\/www.wonpet.com\/hu\/wp-json\/wp\/v2\/media?parent=306"}],"wp:term":[{"taxonomy":"product_brand","embeddable":true,"href":"https:\/\/www.wonpet.com\/hu\/wp-json\/wp\/v2\/product_brand?post=306"},{"taxonomy":"product_cat","embeddable":true,"href":"https:\/\/www.wonpet.com\/hu\/wp-json\/wp\/v2\/product_cat?post=306"},{"taxonomy":"product_tag","embeddable":true,"href":"https:\/\/www.wonpet.com\/hu\/wp-json\/wp\/v2\/product_tag?post=306"}],"curies":[{"name":"wp","href":"https:\/\/api.w.org\/{rel}","templated":true}]}}