{"id":237,"date":"2019-10-31T08:25:20","date_gmt":"2019-10-31T08:25:20","guid":{"rendered":"https:\/\/www.wonpet.com\/?post_type=product&#038;p=237"},"modified":"2019-10-31T08:25:20","modified_gmt":"2019-10-31T08:25:20","slug":"nyikorgo-latex-gumi-kutya-jatek-labdak-2","status":"publish","type":"product","link":"https:\/\/www.wonpet.com\/hu\/termek\/nyikorgo-latex-gumi-kutya-jatek-labdak-2\/","title":{"rendered":"Squeaky latex gumi kutya j\u00e1t\u00e9kgoly\u00f3k"},"content":{"rendered":"","protected":false},"excerpt":{"rendered":"<p><strong>CIKKSZ\u00c1M.; LT14038<\/strong><\/p>\n<p><strong>M\u00c9RET: 7,8 cm<\/strong> ... <a href=\"https:\/\/www.wonpet.com\/hu\/termek\/nyikorgo-latex-gumi-kutya-jatek-labdak-2\/\" class=\"more-link\"><span class=\"more-button\">V\u00e1s\u00e1rolj most<span class=\"screen-reader-text\">Squeaky latex gumi kutya j\u00e1t\u00e9kgoly\u00f3k<\/span><\/span><\/a><\/p>","protected":false},"featured_media":238,"template":"","meta":[],"product_brand":[],"product_cat":[18,20],"product_tag":[62,23],"class_list":{"0":"post-237","1":"product","2":"type-product","3":"status-publish","4":"has-post-thumbnail","6":"product_cat-dog_toy","7":"product_cat-latex_dog_toys","8":"product_tag-small-dog-toys","9":"product_tag-squeaky-dog-toys","11":"first","12":"instock","13":"shipping-taxable","14":"product-type-simple"},"_links":{"self":[{"href":"https:\/\/www.wonpet.com\/hu\/wp-json\/wp\/v2\/product\/237","targetHints":{"allow":["GET"]}}],"collection":[{"href":"https:\/\/www.wonpet.com\/hu\/wp-json\/wp\/v2\/product"}],"about":[{"href":"https:\/\/www.wonpet.com\/hu\/wp-json\/wp\/v2\/types\/product"}],"wp:featuredmedia":[{"embeddable":true,"href":"https:\/\/www.wonpet.com\/hu\/wp-json\/wp\/v2\/media\/238"}],"wp:attachment":[{"href":"https:\/\/www.wonpet.com\/hu\/wp-json\/wp\/v2\/media?parent=237"}],"wp:term":[{"taxonomy":"product_brand","embeddable":true,"href":"https:\/\/www.wonpet.com\/hu\/wp-json\/wp\/v2\/product_brand?post=237"},{"taxonomy":"product_cat","embeddable":true,"href":"https:\/\/www.wonpet.com\/hu\/wp-json\/wp\/v2\/product_cat?post=237"},{"taxonomy":"product_tag","embeddable":true,"href":"https:\/\/www.wonpet.com\/hu\/wp-json\/wp\/v2\/product_tag?post=237"}],"curies":[{"name":"wp","href":"https:\/\/api.w.org\/{rel}","templated":true}]}}