{"id":1969,"date":"2019-11-29T06:37:54","date_gmt":"2019-11-29T06:37:54","guid":{"rendered":"https:\/\/www.wonpet.com\/?post_type=product&#038;p=1969"},"modified":"2020-04-17T06:59:34","modified_gmt":"2020-04-17T06:59:34","slug":"macska-ellatas-macska-jatek-toll-macskagolyok-csendes-jatek-11","status":"publish","type":"product","link":"https:\/\/www.wonpet.com\/hu\/termek\/macska-ellatas-macska-jatek-toll-macskagolyok-csendes-jatek-11\/","title":{"rendered":"Macskaell\u00e1t\u00f3 macskaj\u00e1t\u00e9k toll Macskagoly\u00f3 csendes j\u00e1t\u00e9k"},"content":{"rendered":"","protected":false},"excerpt":{"rendered":"<p><span style=\"vertical-align: inherit;\"><span style=\"vertical-align: inherit;\">\u4ea7\u54c1\u7f16\u53f7: CT19011<\/span><\/span><\/p>\n<p><span style=\"vertical-align: inherit;\"><span style=\"vertical-align: inherit;\">\u5c3a\u7801: 5cm<\/span><\/span> ... <a href=\"https:\/\/www.wonpet.com\/hu\/termek\/macska-ellatas-macska-jatek-toll-macskagolyok-csendes-jatek-11\/\" class=\"more-link\"><span class=\"more-button\">V\u00e1s\u00e1rolj most<span class=\"screen-reader-text\">Macskaell\u00e1t\u00f3 macskaj\u00e1t\u00e9k toll Macskagoly\u00f3 csendes j\u00e1t\u00e9k<\/span><\/span><\/a><\/p>","protected":false},"featured_media":1970,"template":"","meta":[],"product_brand":[],"product_cat":[44,19],"product_tag":[41,129],"class_list":{"0":"post-1969","1":"product","2":"type-product","3":"status-publish","4":"has-post-thumbnail","6":"product_cat-cat-ball","7":"product_cat-cat_toy","8":"product_tag-cat-toys","9":"product_tag-funny-cat-balls","11":"first","12":"instock","13":"shipping-taxable","14":"product-type-simple"},"_links":{"self":[{"href":"https:\/\/www.wonpet.com\/hu\/wp-json\/wp\/v2\/product\/1969","targetHints":{"allow":["GET"]}}],"collection":[{"href":"https:\/\/www.wonpet.com\/hu\/wp-json\/wp\/v2\/product"}],"about":[{"href":"https:\/\/www.wonpet.com\/hu\/wp-json\/wp\/v2\/types\/product"}],"wp:featuredmedia":[{"embeddable":true,"href":"https:\/\/www.wonpet.com\/hu\/wp-json\/wp\/v2\/media\/1970"}],"wp:attachment":[{"href":"https:\/\/www.wonpet.com\/hu\/wp-json\/wp\/v2\/media?parent=1969"}],"wp:term":[{"taxonomy":"product_brand","embeddable":true,"href":"https:\/\/www.wonpet.com\/hu\/wp-json\/wp\/v2\/product_brand?post=1969"},{"taxonomy":"product_cat","embeddable":true,"href":"https:\/\/www.wonpet.com\/hu\/wp-json\/wp\/v2\/product_cat?post=1969"},{"taxonomy":"product_tag","embeddable":true,"href":"https:\/\/www.wonpet.com\/hu\/wp-json\/wp\/v2\/product_tag?post=1969"}],"curies":[{"name":"wp","href":"https:\/\/api.w.org\/{rel}","templated":true}]}}