{"id":1509,"date":"2019-11-15T06:18:15","date_gmt":"2019-11-15T06:18:15","guid":{"rendered":"https:\/\/www.wonpet.com\/?post_type=product&#038;p=1509"},"modified":"2019-11-15T06:18:29","modified_gmt":"2019-11-15T06:18:29","slug":"macska-ellatas-interaktiv-macska-palca-macska-bot-6","status":"publish","type":"product","link":"https:\/\/www.wonpet.com\/hu\/termek\/macska-ellatas-interaktiv-macska-palca-macska-bot-6\/","title":{"rendered":"Intelligens macskaell\u00e1t\u00f3 macsk\u00e1s p\u00e1lca"},"content":{"rendered":"","protected":false},"excerpt":{"rendered":"<p>CIKKSZ\u00c1M: CW17085<\/p>\n<p>M\u00c9RETE: 46cm\u2026 <a href=\"https:\/\/www.wonpet.com\/hu\/termek\/macska-ellatas-interaktiv-macska-palca-macska-bot-6\/\" class=\"more-link\"><span class=\"more-button\">V\u00e1s\u00e1rolj most<span class=\"screen-reader-text\">Intelligens macskaell\u00e1t\u00f3 macsk\u00e1s p\u00e1lca<\/span><\/span><\/a><\/p>","protected":false},"featured_media":1507,"template":"","meta":[],"product_brand":[],"product_cat":[19,43],"product_tag":[142,49],"class_list":{"0":"post-1509","1":"product","2":"type-product","3":"status-publish","4":"has-post-thumbnail","6":"product_cat-cat_toy","7":"product_cat-cat-wand","8":"product_tag-cat-stick","9":"product_tag-cat-wand","11":"first","12":"instock","13":"shipping-taxable","14":"product-type-simple"},"_links":{"self":[{"href":"https:\/\/www.wonpet.com\/hu\/wp-json\/wp\/v2\/product\/1509","targetHints":{"allow":["GET"]}}],"collection":[{"href":"https:\/\/www.wonpet.com\/hu\/wp-json\/wp\/v2\/product"}],"about":[{"href":"https:\/\/www.wonpet.com\/hu\/wp-json\/wp\/v2\/types\/product"}],"wp:featuredmedia":[{"embeddable":true,"href":"https:\/\/www.wonpet.com\/hu\/wp-json\/wp\/v2\/media\/1507"}],"wp:attachment":[{"href":"https:\/\/www.wonpet.com\/hu\/wp-json\/wp\/v2\/media?parent=1509"}],"wp:term":[{"taxonomy":"product_brand","embeddable":true,"href":"https:\/\/www.wonpet.com\/hu\/wp-json\/wp\/v2\/product_brand?post=1509"},{"taxonomy":"product_cat","embeddable":true,"href":"https:\/\/www.wonpet.com\/hu\/wp-json\/wp\/v2\/product_cat?post=1509"},{"taxonomy":"product_tag","embeddable":true,"href":"https:\/\/www.wonpet.com\/hu\/wp-json\/wp\/v2\/product_tag?post=1509"}],"curies":[{"name":"wp","href":"https:\/\/api.w.org\/{rel}","templated":true}]}}