{"id":1417,"date":"2019-11-15T05:34:49","date_gmt":"2019-11-15T05:34:49","guid":{"rendered":"https:\/\/www.wonpet.com\/?post_type=product&#038;p=1417"},"modified":"2019-11-15T05:35:06","modified_gmt":"2019-11-15T05:35:06","slug":"macska-ellatas-toll-macska-jatekok-macska-palca-macska-bot-7","status":"publish","type":"product","link":"https:\/\/www.wonpet.com\/hu\/termek\/macska-ellatas-toll-macska-jatekok-macska-palca-macska-bot-7\/","title":{"rendered":"Macskaell\u00e1t\u00e1s toll Macskaj\u00e1t\u00e9kok Macsk\u00e1s p\u00e1lca Macsk\u00e1s"},"content":{"rendered":"","protected":false},"excerpt":{"rendered":"<p>CIKKSZ\u00c1M: CW17022<\/p>\n<p>M\u00c9RETE: 50cm\u2026 <a href=\"https:\/\/www.wonpet.com\/hu\/termek\/macska-ellatas-toll-macska-jatekok-macska-palca-macska-bot-7\/\" class=\"more-link\"><span class=\"more-button\">V\u00e1s\u00e1rolj most<span class=\"screen-reader-text\">Macskaell\u00e1t\u00e1s toll Macskaj\u00e1t\u00e9kok Macsk\u00e1s p\u00e1lca Macsk\u00e1s<\/span><\/span><\/a><\/p>","protected":false},"featured_media":1397,"template":"","meta":[],"product_brand":[],"product_cat":[19,43],"product_tag":[142,49],"class_list":{"0":"post-1417","1":"product","2":"type-product","3":"status-publish","4":"has-post-thumbnail","6":"product_cat-cat_toy","7":"product_cat-cat-wand","8":"product_tag-cat-stick","9":"product_tag-cat-wand","11":"first","12":"instock","13":"shipping-taxable","14":"product-type-simple"},"_links":{"self":[{"href":"https:\/\/www.wonpet.com\/hu\/wp-json\/wp\/v2\/product\/1417","targetHints":{"allow":["GET"]}}],"collection":[{"href":"https:\/\/www.wonpet.com\/hu\/wp-json\/wp\/v2\/product"}],"about":[{"href":"https:\/\/www.wonpet.com\/hu\/wp-json\/wp\/v2\/types\/product"}],"wp:featuredmedia":[{"embeddable":true,"href":"https:\/\/www.wonpet.com\/hu\/wp-json\/wp\/v2\/media\/1397"}],"wp:attachment":[{"href":"https:\/\/www.wonpet.com\/hu\/wp-json\/wp\/v2\/media?parent=1417"}],"wp:term":[{"taxonomy":"product_brand","embeddable":true,"href":"https:\/\/www.wonpet.com\/hu\/wp-json\/wp\/v2\/product_brand?post=1417"},{"taxonomy":"product_cat","embeddable":true,"href":"https:\/\/www.wonpet.com\/hu\/wp-json\/wp\/v2\/product_cat?post=1417"},{"taxonomy":"product_tag","embeddable":true,"href":"https:\/\/www.wonpet.com\/hu\/wp-json\/wp\/v2\/product_tag?post=1417"}],"curies":[{"name":"wp","href":"https:\/\/api.w.org\/{rel}","templated":true}]}}