{"id":1381,"date":"2019-11-15T05:24:37","date_gmt":"2019-11-15T05:24:37","guid":{"rendered":"https:\/\/www.wonpet.com\/?post_type=product&#038;p=1381"},"modified":"2019-11-15T05:25:10","modified_gmt":"2019-11-15T05:25:10","slug":"macska-ellatas-macska-jatek-palca-tollas-egeres-masolat","status":"publish","type":"product","link":"https:\/\/www.wonpet.com\/hu\/termek\/macska-ellatas-macska-jatek-palca-tollas-egeres-masolat\/","title":{"rendered":"Macskaell\u00e1t\u00f3 macskaj\u00e1t\u00e9k p\u00e1lca toll eg\u00e9rrel"},"content":{"rendered":"","protected":false},"excerpt":{"rendered":"<p>CIKKSZ\u00c1M: CW17086<\/p>\n<p>M\u00c9RETE: 40cm\u2026 <a href=\"https:\/\/www.wonpet.com\/hu\/termek\/macska-ellatas-macska-jatek-palca-tollas-egeres-masolat\/\" class=\"more-link\"><span class=\"more-button\">V\u00e1s\u00e1rolj most<span class=\"screen-reader-text\">Macskaell\u00e1t\u00f3 macskaj\u00e1t\u00e9k p\u00e1lca toll eg\u00e9rrel<\/span><\/span><\/a><\/p>","protected":false},"featured_media":1372,"template":"","meta":[],"product_brand":[],"product_cat":[19,43],"product_tag":[142,49],"class_list":{"0":"post-1381","1":"product","2":"type-product","3":"status-publish","4":"has-post-thumbnail","6":"product_cat-cat_toy","7":"product_cat-cat-wand","8":"product_tag-cat-stick","9":"product_tag-cat-wand","11":"first","12":"instock","13":"shipping-taxable","14":"product-type-simple"},"_links":{"self":[{"href":"https:\/\/www.wonpet.com\/hu\/wp-json\/wp\/v2\/product\/1381","targetHints":{"allow":["GET"]}}],"collection":[{"href":"https:\/\/www.wonpet.com\/hu\/wp-json\/wp\/v2\/product"}],"about":[{"href":"https:\/\/www.wonpet.com\/hu\/wp-json\/wp\/v2\/types\/product"}],"wp:featuredmedia":[{"embeddable":true,"href":"https:\/\/www.wonpet.com\/hu\/wp-json\/wp\/v2\/media\/1372"}],"wp:attachment":[{"href":"https:\/\/www.wonpet.com\/hu\/wp-json\/wp\/v2\/media?parent=1381"}],"wp:term":[{"taxonomy":"product_brand","embeddable":true,"href":"https:\/\/www.wonpet.com\/hu\/wp-json\/wp\/v2\/product_brand?post=1381"},{"taxonomy":"product_cat","embeddable":true,"href":"https:\/\/www.wonpet.com\/hu\/wp-json\/wp\/v2\/product_cat?post=1381"},{"taxonomy":"product_tag","embeddable":true,"href":"https:\/\/www.wonpet.com\/hu\/wp-json\/wp\/v2\/product_tag?post=1381"}],"curies":[{"name":"wp","href":"https:\/\/api.w.org\/{rel}","templated":true}]}}