{"id":1298,"date":"2019-11-15T03:34:28","date_gmt":"2019-11-15T03:34:28","guid":{"rendered":"https:\/\/www.wonpet.com\/?post_type=product&#038;p=1298"},"modified":"2019-11-15T03:34:44","modified_gmt":"2019-11-15T03:34:44","slug":"macska-pamut-jatekok-allatkellek-macskamentaval-pluss-jatekok-4","status":"publish","type":"product","link":"https:\/\/www.wonpet.com\/hu\/termek\/macska-pamut-jatekok-allatkellek-macskamentaval-pluss-jatekok-4\/","title":{"rendered":"Macska pamut j\u00e1t\u00e9kok H\u00e1zi\u00e1llat-ell\u00e1t\u00e1s Catnip pl\u00fcss j\u00e1t\u00e9kokkal"},"content":{"rendered":"","protected":false},"excerpt":{"rendered":"<p>CIKKSZ\u00c1M: CT19064<\/p>\n<p>M\u00c9RETE: 14cm\u2026 <a href=\"https:\/\/www.wonpet.com\/hu\/termek\/macska-pamut-jatekok-allatkellek-macskamentaval-pluss-jatekok-4\/\" class=\"more-link\"><span class=\"more-button\">V\u00e1s\u00e1rolj most<span class=\"screen-reader-text\">Macska pamut j\u00e1t\u00e9kok H\u00e1zi\u00e1llat-ell\u00e1t\u00e1s Catnip pl\u00fcss j\u00e1t\u00e9kokkal<\/span><\/span><\/a><\/p>","protected":false},"featured_media":1292,"template":"","meta":[],"product_brand":[],"product_cat":[46,19],"product_tag":[139,125],"class_list":{"0":"post-1298","1":"product","2":"type-product","3":"status-publish","4":"has-post-thumbnail","6":"product_cat-animals-others","7":"product_cat-cat_toy","8":"product_tag-cat-plush-toys","9":"product_tag-cat-supply","11":"first","12":"instock","13":"shipping-taxable","14":"product-type-simple"},"_links":{"self":[{"href":"https:\/\/www.wonpet.com\/hu\/wp-json\/wp\/v2\/product\/1298","targetHints":{"allow":["GET"]}}],"collection":[{"href":"https:\/\/www.wonpet.com\/hu\/wp-json\/wp\/v2\/product"}],"about":[{"href":"https:\/\/www.wonpet.com\/hu\/wp-json\/wp\/v2\/types\/product"}],"wp:featuredmedia":[{"embeddable":true,"href":"https:\/\/www.wonpet.com\/hu\/wp-json\/wp\/v2\/media\/1292"}],"wp:attachment":[{"href":"https:\/\/www.wonpet.com\/hu\/wp-json\/wp\/v2\/media?parent=1298"}],"wp:term":[{"taxonomy":"product_brand","embeddable":true,"href":"https:\/\/www.wonpet.com\/hu\/wp-json\/wp\/v2\/product_brand?post=1298"},{"taxonomy":"product_cat","embeddable":true,"href":"https:\/\/www.wonpet.com\/hu\/wp-json\/wp\/v2\/product_cat?post=1298"},{"taxonomy":"product_tag","embeddable":true,"href":"https:\/\/www.wonpet.com\/hu\/wp-json\/wp\/v2\/product_tag?post=1298"}],"curies":[{"name":"wp","href":"https:\/\/api.w.org\/{rel}","templated":true}]}}