{"id":1083,"date":"2019-11-13T07:13:08","date_gmt":"2019-11-13T07:13:08","guid":{"rendered":"https:\/\/www.wonpet.com\/?post_type=product&#038;p=1083"},"modified":"2019-11-13T07:13:08","modified_gmt":"2019-11-13T07:13:08","slug":"wonpet-cat-cotton-toys-egerek-kisallat-ellatas-macskamentaval-2","status":"publish","type":"product","link":"https:\/\/www.wonpet.com\/hu\/termek\/wonpet-cat-cotton-toys-egerek-kisallat-ellatas-macskamentaval-2\/","title":{"rendered":"WONPET macska pamut j\u00e1t\u00e9kok egerek h\u00e1zi\u00e1llat-ell\u00e1t\u00e1s a macsk\u00e1kkal"},"content":{"rendered":"","protected":false},"excerpt":{"rendered":"<p>CIKKSZ\u00c1M: CT18111<\/p>\n<p>M\u00c9RETE: 6cm\u2026 <a href=\"https:\/\/www.wonpet.com\/hu\/termek\/wonpet-cat-cotton-toys-egerek-kisallat-ellatas-macskamentaval-2\/\" class=\"more-link\"><span class=\"more-button\">V\u00e1s\u00e1rolj most<span class=\"screen-reader-text\">WONPET macska pamut j\u00e1t\u00e9kok egerek h\u00e1zi\u00e1llat-ell\u00e1t\u00e1s a macsk\u00e1kkal<\/span><\/span><\/a><\/p>","protected":false},"featured_media":1082,"template":"","meta":[],"product_brand":[],"product_cat":[19,45],"product_tag":[124,125],"class_list":{"0":"post-1083","1":"product","2":"type-product","3":"status-publish","4":"has-post-thumbnail","6":"product_cat-cat_toy","7":"product_cat-mouse","8":"product_tag-cat-mouse-toy","9":"product_tag-cat-supply","11":"first","12":"instock","13":"shipping-taxable","14":"product-type-simple"},"_links":{"self":[{"href":"https:\/\/www.wonpet.com\/hu\/wp-json\/wp\/v2\/product\/1083","targetHints":{"allow":["GET"]}}],"collection":[{"href":"https:\/\/www.wonpet.com\/hu\/wp-json\/wp\/v2\/product"}],"about":[{"href":"https:\/\/www.wonpet.com\/hu\/wp-json\/wp\/v2\/types\/product"}],"wp:featuredmedia":[{"embeddable":true,"href":"https:\/\/www.wonpet.com\/hu\/wp-json\/wp\/v2\/media\/1082"}],"wp:attachment":[{"href":"https:\/\/www.wonpet.com\/hu\/wp-json\/wp\/v2\/media?parent=1083"}],"wp:term":[{"taxonomy":"product_brand","embeddable":true,"href":"https:\/\/www.wonpet.com\/hu\/wp-json\/wp\/v2\/product_brand?post=1083"},{"taxonomy":"product_cat","embeddable":true,"href":"https:\/\/www.wonpet.com\/hu\/wp-json\/wp\/v2\/product_cat?post=1083"},{"taxonomy":"product_tag","embeddable":true,"href":"https:\/\/www.wonpet.com\/hu\/wp-json\/wp\/v2\/product_tag?post=1083"}],"curies":[{"name":"wp","href":"https:\/\/api.w.org\/{rel}","templated":true}]}}