{"id":1040,"date":"2019-11-13T06:39:34","date_gmt":"2019-11-13T06:39:34","guid":{"rendered":"https:\/\/www.wonpet.com\/?post_type=product&#038;p=1040"},"modified":"2020-04-17T07:26:10","modified_gmt":"2020-04-17T07:26:10","slug":"kis-interaktiv-macska-jatekok-egerek-tollas-4","status":"publish","type":"product","link":"https:\/\/www.wonpet.com\/hu\/termek\/kis-interaktiv-macska-jatekok-egerek-tollas-4\/","title":{"rendered":"Kis interakt\u00edv macskaj\u00e1t\u00e9k egerek tollal"},"content":{"rendered":"","protected":false},"excerpt":{"rendered":"<p>T\u00c9TEL: CT18094<\/p>\n<p>M\u00c9RETE: 7,5 cm\u2026 <a href=\"https:\/\/www.wonpet.com\/hu\/termek\/kis-interaktiv-macska-jatekok-egerek-tollas-4\/\" class=\"more-link\"><span class=\"more-button\">V\u00e1s\u00e1rolj most<span class=\"screen-reader-text\">Kis interakt\u00edv macskaj\u00e1t\u00e9k egerek tollal<\/span><\/span><\/a><\/p>","protected":false},"featured_media":1041,"template":"","meta":[],"product_brand":[],"product_cat":[19,45],"product_tag":[135,115],"class_list":{"0":"post-1040","1":"product","2":"type-product","3":"status-publish","4":"has-post-thumbnail","6":"product_cat-cat_toy","7":"product_cat-mouse","8":"product_tag-cat-feather-mice","9":"product_tag-dog-supply","11":"first","12":"instock","13":"shipping-taxable","14":"product-type-simple"},"_links":{"self":[{"href":"https:\/\/www.wonpet.com\/hu\/wp-json\/wp\/v2\/product\/1040","targetHints":{"allow":["GET"]}}],"collection":[{"href":"https:\/\/www.wonpet.com\/hu\/wp-json\/wp\/v2\/product"}],"about":[{"href":"https:\/\/www.wonpet.com\/hu\/wp-json\/wp\/v2\/types\/product"}],"wp:featuredmedia":[{"embeddable":true,"href":"https:\/\/www.wonpet.com\/hu\/wp-json\/wp\/v2\/media\/1041"}],"wp:attachment":[{"href":"https:\/\/www.wonpet.com\/hu\/wp-json\/wp\/v2\/media?parent=1040"}],"wp:term":[{"taxonomy":"product_brand","embeddable":true,"href":"https:\/\/www.wonpet.com\/hu\/wp-json\/wp\/v2\/product_brand?post=1040"},{"taxonomy":"product_cat","embeddable":true,"href":"https:\/\/www.wonpet.com\/hu\/wp-json\/wp\/v2\/product_cat?post=1040"},{"taxonomy":"product_tag","embeddable":true,"href":"https:\/\/www.wonpet.com\/hu\/wp-json\/wp\/v2\/product_tag?post=1040"}],"curies":[{"name":"wp","href":"https:\/\/api.w.org\/{rel}","templated":true}]}}