{"id":85,"date":"2019-10-30T10:19:16","date_gmt":"2019-10-30T10:19:16","guid":{"rendered":"https:\/\/www.wonpet.com\/?page_id=85"},"modified":"2019-11-11T06:09:01","modified_gmt":"2019-11-11T06:09:01","slug":"rolunk","status":"publish","type":"page","link":"https:\/\/www.wonpet.com\/hu\/rolunk\/","title":{"rendered":"R\u00f3lunk"},"content":{"rendered":"<div class=\"wp-block-image\"><figure class=\"aligncenter\"><img loading=\"lazy\" decoding=\"async\" width=\"1024\" height=\"337\" src=\"https:\/\/www.wonpet.com\/wp-content\/uploads\/2019\/10\/about-us-banner-1024x337.jpg\" alt=\"\" class=\"wp-image-183\" srcset=\"https:\/\/www.wonpet.com\/wp-content\/uploads\/2019\/10\/about-us-banner-1024x337.jpg 1024w, https:\/\/www.wonpet.com\/wp-content\/uploads\/2019\/10\/about-us-banner-300x99.jpg 300w, https:\/\/www.wonpet.com\/wp-content\/uploads\/2019\/10\/about-us-banner-768x253.jpg 768w, https:\/\/www.wonpet.com\/wp-content\/uploads\/2019\/10\/about-us-banner-600x198.jpg 600w, https:\/\/www.wonpet.com\/wp-content\/uploads\/2019\/10\/about-us-banner.jpg 1366w\" sizes=\"auto, (max-width: 1024px) 100vw, 1024px\" \/><figcaption>Szorosabb az emberi kapcsolat a term\u00e9szettel<br>Hissz\u00fck, hogy ha boldog \u00e9s kedvtel\u00e9sb\u0151l tartott \u00e1llatok akkor im\u00e1dni fogja a term\u00e9szet \u00e9let\u00e9t<\/figcaption><\/figure><\/div>\n\n\n\n<div class=\"wp-block-image\"><figure class=\"aligncenter\"><img loading=\"lazy\" decoding=\"async\" width=\"954\" height=\"388\" src=\"https:\/\/www.wonpet.com\/wp-content\/uploads\/2019\/10\/logo.png\" alt=\"\" class=\"wp-image-233\" srcset=\"https:\/\/www.wonpet.com\/wp-content\/uploads\/2019\/10\/logo.png 954w, https:\/\/www.wonpet.com\/wp-content\/uploads\/2019\/10\/logo-300x122.png 300w, https:\/\/www.wonpet.com\/wp-content\/uploads\/2019\/10\/logo-768x312.png 768w, https:\/\/www.wonpet.com\/wp-content\/uploads\/2019\/10\/logo-600x244.png 600w\" sizes=\"auto, (max-width: 954px) 100vw, 954px\" \/><figcaption> A GUANGZHOU WONPET COMPANY LIMITED elk\u00f6telezett amellett, hogy kiv\u00e1l\u00f3 min\u0151s\u00e9g\u0171 h\u00e1zi\u00e1llatok term\u00e9keit gy\u00e1rtja \u00e9s \u00e9rt\u00e9kes\u00edtse, kiv\u00e1l\u00f3 min\u0151s\u00e9g\u0171 online v\u00e1s\u00e1rl\u00e1st \u00e9s nagykereskedelmi platformot hozzon l\u00e9tre, hogy a fogyaszt\u00f3k \u00e9s a v\u00e1llalkoz\u00e1sok kiv\u00e1l\u00f3 min\u0151s\u00e9g\u0171 term\u00e9keket \u00e9s szolg\u00e1ltat\u00e1sokat kapjanak. <\/figcaption><\/figure><\/div>\n\n\n\n<h2 class=\"wp-block-heading\" style=\"text-align:center\">A mi \u00fczlet\u00fcnk<\/h2>\n\n\n\n<div class=\"wp-block-columns has-2-columns is-layout-flex wp-container-core-columns-is-layout-9d6595d7 wp-block-columns-is-layout-flex\">\n<div class=\"wp-block-column is-layout-flow wp-block-column-is-layout-flow\">\n<blockquote style=\"text-align:center\" class=\"wp-block-quote is-layout-flow wp-block-quote-is-layout-flow\"><p><img loading=\"lazy\" decoding=\"async\" width=\"450\" height=\"278\" class=\"wp-image-384\" style=\"width: 450px;\" src=\"https:\/\/www.wonpet.com\/wp-content\/uploads\/2019\/11\/ship_icon-1.jpg\" alt=\"\" srcset=\"https:\/\/www.wonpet.com\/wp-content\/uploads\/2019\/11\/ship_icon-1.jpg 485w, https:\/\/www.wonpet.com\/wp-content\/uploads\/2019\/11\/ship_icon-1-300x186.jpg 300w\" sizes=\"auto, (max-width: 450px) 100vw, 450px\" \/><\/p><cite><strong>OEM<\/strong> \u00dczleti<\/cite><\/blockquote>\n<\/div>\n\n\n\n<div class=\"wp-block-column is-layout-flow wp-block-column-is-layout-flow\">\n<blockquote style=\"text-align:center\" class=\"wp-block-quote is-layout-flow wp-block-quote-is-layout-flow\"><p><img loading=\"lazy\" decoding=\"async\" width=\"450\" height=\"278\" class=\"wp-image-358\" style=\"width: 450px;\" src=\"https:\/\/www.wonpet.com\/wp-content\/uploads\/2019\/11\/amazon_logo.jpg\" alt=\"\" srcset=\"https:\/\/www.wonpet.com\/wp-content\/uploads\/2019\/11\/amazon_logo.jpg 485w, https:\/\/www.wonpet.com\/wp-content\/uploads\/2019\/11\/amazon_logo-300x186.jpg 300w\" sizes=\"auto, (max-width: 450px) 100vw, 450px\" \/><\/p><cite><strong>Kiskereskedelem<\/strong> \u00dczleti<\/cite><\/blockquote>\n<\/div>\n<\/div>\n\n\n\n<h2 class=\"wp-block-heading\" style=\"text-align:center\">\u00dczleti etika<\/h2>\n\n\n\n<p style=\"text-align:center\">\u00c9rt\u00e9kes\u00edt\u00e9si politik\u00e1nk, hogy megfeleljen a nemzeti t\u00f6rv\u00e9nyeknek \u00e9s rendeleteknek.<br>Term\u00e9k\u00fcnk megfelel a helyi t\u00f6rv\u00e9nyeknek \u00e9s rendeleteknek.<br>K\u00e9rj\u00fck, k\u00fcldj\u00f6n nek\u00fcnk egy e-mail konzult\u00e1ci\u00f3s rendeletet: info@wonpet.com<\/p>\n\n\n\n<h2 class=\"wp-block-heading\" style=\"text-align:center\">L\u00e9pjen kapcsolatba vel\u00fcnk<\/h2>\n\n\n\n<p style=\"text-align:center\">GUANGZHOU WONPET COMPANY LIMITED<br>No.518, Yunhui Mansion YunJing Lu, TongHe, Guangzhou, K\u00edna<br>Ir\u00e1ny\u00edt\u00f3sz\u00e1m: 510515<br>\u00dcgyf\u00e9lszolg\u00e1lat: 86-20-87282878<br><br>Ha b\u00e1rmilyen javaslata vagy \u00e9szrev\u00e9tele van, k\u00e9rj\u00fck, \u00edrjon nek\u00fcnk e-mailt: info@wonpet.com<\/p>","protected":false},"excerpt":{"rendered":"<p>\u00dczleti OEM \u00dczleti Kiskereskedelmi \u00dczleti \u00dczleti Etika \u00c9rt\u00e9kes\u00edt\u00e9si politik\u00e1nk, amely megfelel a nemzeti t\u00f6rv\u00e9nyeknek \u00e9s el\u0151\u00edr\u00e1soknak. Term\u00e9k\u00fcnk\u2026 <a href=\"https:\/\/www.wonpet.com\/hu\/rolunk\/\" class=\"more-link\"><span class=\"more-button\">Olvasson tov\u00e1bb<span class=\"screen-reader-text\">R\u00f3lunk<\/span><\/span><\/a><\/p>","protected":false},"author":1,"featured_media":0,"parent":0,"menu_order":0,"comment_status":"closed","ping_status":"closed","template":"templates\/full-width-page.php","meta":{"footnotes":""},"class_list":["post-85","page","type-page","status-publish","hentry"],"_links":{"self":[{"href":"https:\/\/www.wonpet.com\/hu\/wp-json\/wp\/v2\/pages\/85","targetHints":{"allow":["GET"]}}],"collection":[{"href":"https:\/\/www.wonpet.com\/hu\/wp-json\/wp\/v2\/pages"}],"about":[{"href":"https:\/\/www.wonpet.com\/hu\/wp-json\/wp\/v2\/types\/page"}],"author":[{"embeddable":true,"href":"https:\/\/www.wonpet.com\/hu\/wp-json\/wp\/v2\/users\/1"}],"replies":[{"embeddable":true,"href":"https:\/\/www.wonpet.com\/hu\/wp-json\/wp\/v2\/comments?post=85"}],"version-history":[{"count":22,"href":"https:\/\/www.wonpet.com\/hu\/wp-json\/wp\/v2\/pages\/85\/revisions"}],"predecessor-version":[{"id":385,"href":"https:\/\/www.wonpet.com\/hu\/wp-json\/wp\/v2\/pages\/85\/revisions\/385"}],"wp:attachment":[{"href":"https:\/\/www.wonpet.com\/hu\/wp-json\/wp\/v2\/media?parent=85"}],"curies":[{"name":"wp","href":"https:\/\/api.w.org\/{rel}","templated":true}]}}