{"id":4377,"date":"2022-04-06T07:37:39","date_gmt":"2022-04-06T07:37:39","guid":{"rendered":"https:\/\/www.wonpet.com\/?post_type=product&#038;p=4377"},"modified":"2022-04-06T08:32:11","modified_gmt":"2022-04-06T08:32:11","slug":"wonpet-cat-toy-drole-rebondissant-jouet-interieur-jouet-2","status":"publish","type":"product","link":"https:\/\/www.wonpet.com\/fr\/produit\/wonpet-cat-toy-drole-rebondissant-jouet-interieur-jouet-2\/","title":{"rendered":"WONPET Jouet pour chat Jouet en forme de poisson dr\u00f4le Jouet d&#039;int\u00e9rieur"},"content":{"rendered":"","protected":false},"excerpt":{"rendered":"<p>NUM\u00c9RO D&#039;ARTICLE\u00a0: CT22023<\/p>\n<p>TAILLE : 14.5CM \u2026 <a href=\"https:\/\/www.wonpet.com\/fr\/produit\/wonpet-cat-toy-drole-rebondissant-jouet-interieur-jouet-2\/\" class=\"more-link\"><span class=\"more-button\">Acheter maintenant<span class=\"screen-reader-text\">WONPET Jouet pour chat Jouet en forme de poisson dr\u00f4le Jouet d&#039;int\u00e9rieur<\/span><\/span><\/a><\/p>","protected":false},"featured_media":4380,"template":"","meta":[],"product_brand":[],"product_cat":[19],"product_tag":[125,41],"class_list":{"0":"post-4377","1":"product","2":"type-product","3":"status-publish","4":"has-post-thumbnail","6":"product_cat-cat_toy","7":"product_tag-cat-supply","8":"product_tag-cat-toys","10":"first","11":"instock","12":"shipping-taxable","13":"product-type-simple"},"_links":{"self":[{"href":"https:\/\/www.wonpet.com\/fr\/wp-json\/wp\/v2\/product\/4377","targetHints":{"allow":["GET"]}}],"collection":[{"href":"https:\/\/www.wonpet.com\/fr\/wp-json\/wp\/v2\/product"}],"about":[{"href":"https:\/\/www.wonpet.com\/fr\/wp-json\/wp\/v2\/types\/product"}],"wp:featuredmedia":[{"embeddable":true,"href":"https:\/\/www.wonpet.com\/fr\/wp-json\/wp\/v2\/media\/4380"}],"wp:attachment":[{"href":"https:\/\/www.wonpet.com\/fr\/wp-json\/wp\/v2\/media?parent=4377"}],"wp:term":[{"taxonomy":"product_brand","embeddable":true,"href":"https:\/\/www.wonpet.com\/fr\/wp-json\/wp\/v2\/product_brand?post=4377"},{"taxonomy":"product_cat","embeddable":true,"href":"https:\/\/www.wonpet.com\/fr\/wp-json\/wp\/v2\/product_cat?post=4377"},{"taxonomy":"product_tag","embeddable":true,"href":"https:\/\/www.wonpet.com\/fr\/wp-json\/wp\/v2\/product_tag?post=4377"}],"curies":[{"name":"wp","href":"https:\/\/api.w.org\/{rel}","templated":true}]}}