{"id":1558,"date":"2019-11-15T06:33:12","date_gmt":"2019-11-15T06:33:12","guid":{"rendered":"https:\/\/www.wonpet.com\/?post_type=product&#038;p=1558"},"modified":"2019-11-15T06:33:32","modified_gmt":"2019-11-15T06:33:32","slug":"cat-supply-christmas-interactive-cat-wand-cat-stick-3","status":"publish","type":"product","link":"https:\/\/www.wonpet.com\/fr\/produit\/cat-supply-christmas-interactive-cat-wand-cat-stick-3\/","title":{"rendered":"B\u00e2ton interactif de chat de baguette de chat de No\u00ebl d&#039;approvisionnement de chat"},"content":{"rendered":"","protected":false},"excerpt":{"rendered":"<p>NUM\u00c9RO D&#039;ARTICLE\u00a0:\u00a0CW19007<\/p>\n<p>TAILLE: 46CM\u2026 <a href=\"https:\/\/www.wonpet.com\/fr\/produit\/cat-supply-christmas-interactive-cat-wand-cat-stick-3\/\" class=\"more-link\"><span class=\"more-button\">Acheter maintenant<span class=\"screen-reader-text\">B\u00e2ton interactif de chat de baguette de chat de No\u00ebl d&#039;approvisionnement de chat<\/span><\/span><\/a><\/p>","protected":false},"featured_media":1556,"template":"","meta":[],"product_brand":[],"product_cat":[19,43],"product_tag":[142,49],"class_list":{"0":"post-1558","1":"product","2":"type-product","3":"status-publish","4":"has-post-thumbnail","6":"product_cat-cat_toy","7":"product_cat-cat-wand","8":"product_tag-cat-stick","9":"product_tag-cat-wand","11":"first","12":"instock","13":"shipping-taxable","14":"product-type-simple"},"_links":{"self":[{"href":"https:\/\/www.wonpet.com\/fr\/wp-json\/wp\/v2\/product\/1558","targetHints":{"allow":["GET"]}}],"collection":[{"href":"https:\/\/www.wonpet.com\/fr\/wp-json\/wp\/v2\/product"}],"about":[{"href":"https:\/\/www.wonpet.com\/fr\/wp-json\/wp\/v2\/types\/product"}],"wp:featuredmedia":[{"embeddable":true,"href":"https:\/\/www.wonpet.com\/fr\/wp-json\/wp\/v2\/media\/1556"}],"wp:attachment":[{"href":"https:\/\/www.wonpet.com\/fr\/wp-json\/wp\/v2\/media?parent=1558"}],"wp:term":[{"taxonomy":"product_brand","embeddable":true,"href":"https:\/\/www.wonpet.com\/fr\/wp-json\/wp\/v2\/product_brand?post=1558"},{"taxonomy":"product_cat","embeddable":true,"href":"https:\/\/www.wonpet.com\/fr\/wp-json\/wp\/v2\/product_cat?post=1558"},{"taxonomy":"product_tag","embeddable":true,"href":"https:\/\/www.wonpet.com\/fr\/wp-json\/wp\/v2\/product_tag?post=1558"}],"curies":[{"name":"wp","href":"https:\/\/api.w.org\/{rel}","templated":true}]}}