{"id":1550,"date":"2019-11-15T06:31:23","date_gmt":"2019-11-15T06:31:23","guid":{"rendered":"https:\/\/www.wonpet.com\/?post_type=product&#038;p=1550"},"modified":"2019-11-15T06:32:42","modified_gmt":"2019-11-15T06:32:42","slug":"cat-supply-christmas-interactive-chat-baguette-cat-stick","status":"publish","type":"product","link":"https:\/\/www.wonpet.com\/fr\/produit\/cat-supply-christmas-interactive-chat-baguette-cat-stick\/","title":{"rendered":"B\u00e2ton interactif de chat de baguette de chat de No\u00ebl d&#039;approvisionnement de chat"},"content":{"rendered":"","protected":false},"excerpt":{"rendered":"<p>NUM\u00c9RO D&#039;ARTICLE\u00a0:\u00a0CW19021<\/p>\n<p>TAILLE: 30 CM\u2026 <a href=\"https:\/\/www.wonpet.com\/fr\/produit\/cat-supply-christmas-interactive-chat-baguette-cat-stick\/\" class=\"more-link\"><span class=\"more-button\">Acheter maintenant<span class=\"screen-reader-text\">B\u00e2ton interactif de chat de baguette de chat de No\u00ebl d&#039;approvisionnement de chat<\/span><\/span><\/a><\/p>","protected":false},"featured_media":1555,"template":"","meta":[],"product_brand":[],"product_cat":[19,43],"product_tag":[142,49],"class_list":{"0":"post-1550","1":"product","2":"type-product","3":"status-publish","4":"has-post-thumbnail","6":"product_cat-cat_toy","7":"product_cat-cat-wand","8":"product_tag-cat-stick","9":"product_tag-cat-wand","11":"first","12":"instock","13":"shipping-taxable","14":"product-type-simple"},"_links":{"self":[{"href":"https:\/\/www.wonpet.com\/fr\/wp-json\/wp\/v2\/product\/1550","targetHints":{"allow":["GET"]}}],"collection":[{"href":"https:\/\/www.wonpet.com\/fr\/wp-json\/wp\/v2\/product"}],"about":[{"href":"https:\/\/www.wonpet.com\/fr\/wp-json\/wp\/v2\/types\/product"}],"wp:featuredmedia":[{"embeddable":true,"href":"https:\/\/www.wonpet.com\/fr\/wp-json\/wp\/v2\/media\/1555"}],"wp:attachment":[{"href":"https:\/\/www.wonpet.com\/fr\/wp-json\/wp\/v2\/media?parent=1550"}],"wp:term":[{"taxonomy":"product_brand","embeddable":true,"href":"https:\/\/www.wonpet.com\/fr\/wp-json\/wp\/v2\/product_brand?post=1550"},{"taxonomy":"product_cat","embeddable":true,"href":"https:\/\/www.wonpet.com\/fr\/wp-json\/wp\/v2\/product_cat?post=1550"},{"taxonomy":"product_tag","embeddable":true,"href":"https:\/\/www.wonpet.com\/fr\/wp-json\/wp\/v2\/product_tag?post=1550"}],"curies":[{"name":"wp","href":"https:\/\/api.w.org\/{rel}","templated":true}]}}