{"id":85,"date":"2019-10-30T10:19:16","date_gmt":"2019-10-30T10:19:16","guid":{"rendered":"https:\/\/www.wonpet.com\/?page_id=85"},"modified":"2019-11-11T06:09:01","modified_gmt":"2019-11-11T06:09:01","slug":"uber-uns","status":"publish","type":"page","link":"https:\/\/www.wonpet.com\/de\/uber-uns\/","title":{"rendered":"\u00dcber uns"},"content":{"rendered":"<div class=\"wp-block-image\"><figure class=\"aligncenter\"><img loading=\"lazy\" decoding=\"async\" width=\"1024\" height=\"337\" src=\"https:\/\/www.wonpet.com\/wp-content\/uploads\/2019\/10\/about-us-banner-1024x337.jpg\" alt=\"\" class=\"wp-image-183\" srcset=\"https:\/\/www.wonpet.com\/wp-content\/uploads\/2019\/10\/about-us-banner-1024x337.jpg 1024w, https:\/\/www.wonpet.com\/wp-content\/uploads\/2019\/10\/about-us-banner-300x99.jpg 300w, https:\/\/www.wonpet.com\/wp-content\/uploads\/2019\/10\/about-us-banner-768x253.jpg 768w, https:\/\/www.wonpet.com\/wp-content\/uploads\/2019\/10\/about-us-banner-600x198.jpg 600w, https:\/\/www.wonpet.com\/wp-content\/uploads\/2019\/10\/about-us-banner.jpg 1366w\" sizes=\"auto, (max-width: 1024px) 100vw, 1024px\" \/><figcaption>N\u00e4her an der menschlichen Beziehung zur Natur<br>Wir glauben, dass Sie das Naturleben lieben werden, wenn Sie und Ihr Haustier gl\u00fccklich sind<\/figcaption><\/figure><\/div>\n\n\n\n<div class=\"wp-block-image\"><figure class=\"aligncenter\"><img loading=\"lazy\" decoding=\"async\" width=\"954\" height=\"388\" src=\"https:\/\/www.wonpet.com\/wp-content\/uploads\/2019\/10\/logo.png\" alt=\"\" class=\"wp-image-233\" srcset=\"https:\/\/www.wonpet.com\/wp-content\/uploads\/2019\/10\/logo.png 954w, https:\/\/www.wonpet.com\/wp-content\/uploads\/2019\/10\/logo-300x122.png 300w, https:\/\/www.wonpet.com\/wp-content\/uploads\/2019\/10\/logo-768x312.png 768w, https:\/\/www.wonpet.com\/wp-content\/uploads\/2019\/10\/logo-600x244.png 600w\" sizes=\"auto, (max-width: 954px) 100vw, 954px\" \/><figcaption> GUANGZHOU WONPET COMPANY LIMITED hat sich der Produktion und dem Verkauf hochwertiger Heimtierprodukte verschrieben, um eine hochwertige Online-Shopping- und Gro\u00dfhandelsplattform zu schaffen, damit Verbraucher und Unternehmen qualitativ hochwertige Produkte und Dienstleistungen erhalten k\u00f6nnen. <\/figcaption><\/figure><\/div>\n\n\n\n<h2 class=\"wp-block-heading\" style=\"text-align:center\">Unser Gesch\u00e4ft<\/h2>\n\n\n\n<div class=\"wp-block-columns has-2-columns is-layout-flex wp-container-core-columns-is-layout-9d6595d7 wp-block-columns-is-layout-flex\">\n<div class=\"wp-block-column is-layout-flow wp-block-column-is-layout-flow\">\n<blockquote style=\"text-align:center\" class=\"wp-block-quote is-layout-flow wp-block-quote-is-layout-flow\"><p><img loading=\"lazy\" decoding=\"async\" width=\"450\" height=\"278\" class=\"wp-image-384\" style=\"width: 450px;\" src=\"https:\/\/www.wonpet.com\/wp-content\/uploads\/2019\/11\/ship_icon-1.jpg\" alt=\"\" srcset=\"https:\/\/www.wonpet.com\/wp-content\/uploads\/2019\/11\/ship_icon-1.jpg 485w, https:\/\/www.wonpet.com\/wp-content\/uploads\/2019\/11\/ship_icon-1-300x186.jpg 300w\" sizes=\"auto, (max-width: 450px) 100vw, 450px\" \/><\/p><cite><strong>OEM<\/strong> Gesch\u00e4ft<\/cite><\/blockquote>\n<\/div>\n\n\n\n<div class=\"wp-block-column is-layout-flow wp-block-column-is-layout-flow\">\n<blockquote style=\"text-align:center\" class=\"wp-block-quote is-layout-flow wp-block-quote-is-layout-flow\"><p><img loading=\"lazy\" decoding=\"async\" width=\"450\" height=\"278\" class=\"wp-image-358\" style=\"width: 450px;\" src=\"https:\/\/www.wonpet.com\/wp-content\/uploads\/2019\/11\/amazon_logo.jpg\" alt=\"\" srcset=\"https:\/\/www.wonpet.com\/wp-content\/uploads\/2019\/11\/amazon_logo.jpg 485w, https:\/\/www.wonpet.com\/wp-content\/uploads\/2019\/11\/amazon_logo-300x186.jpg 300w\" sizes=\"auto, (max-width: 450px) 100vw, 450px\" \/><\/p><cite><strong>Verkauf<\/strong> Gesch\u00e4ft<\/cite><\/blockquote>\n<\/div>\n<\/div>\n\n\n\n<h2 class=\"wp-block-heading\" style=\"text-align:center\">Unternehmensethik<\/h2>\n\n\n\n<p style=\"text-align:center\">Unsere Verkaufspolitik entspricht den nationalen Gesetzen und Vorschriften.<br>Unser Produkt entspricht den \u00f6rtlichen Gesetzen und Vorschriften.<br>Bitte senden Sie uns eine E-Mail-Konsultationsverordnung: info@wonpet.com<\/p>\n\n\n\n<h2 class=\"wp-block-heading\" style=\"text-align:center\">Kontaktiere uns<\/h2>\n\n\n\n<p style=\"text-align:center\">GUANGZHOU WONPET COMPANY LIMITED<br>Nr. 518, Yunhui Herrenhaus YunJing Lu, TongHe, Guangzhou, CHINA<br>Postleitzahl: 510515<br>Kundendienst: 86-20-87282878<br><br>Wenn Sie Vorschl\u00e4ge oder Kommentare haben, senden Sie uns bitte eine E-Mail: info@wonpet.com<\/p>","protected":false},"excerpt":{"rendered":"<p>Unser Gesch\u00e4ft OEM-Gesch\u00e4ft Einzelhandelsgesch\u00e4ft Gesch\u00e4ftsethik Unsere Verkaufspolitik zur Einhaltung der nationalen Gesetze und Vorschriften. Unser Produkt \u2026 <a href=\"https:\/\/www.wonpet.com\/de\/uber-uns\/\" class=\"more-link\"><span class=\"more-button\">Weiterlesen<span class=\"screen-reader-text\">\u00dcber uns<\/span><\/span><\/a><\/p>","protected":false},"author":1,"featured_media":0,"parent":0,"menu_order":0,"comment_status":"closed","ping_status":"closed","template":"templates\/full-width-page.php","meta":{"footnotes":""},"class_list":["post-85","page","type-page","status-publish","hentry"],"_links":{"self":[{"href":"https:\/\/www.wonpet.com\/de\/wp-json\/wp\/v2\/pages\/85","targetHints":{"allow":["GET"]}}],"collection":[{"href":"https:\/\/www.wonpet.com\/de\/wp-json\/wp\/v2\/pages"}],"about":[{"href":"https:\/\/www.wonpet.com\/de\/wp-json\/wp\/v2\/types\/page"}],"author":[{"embeddable":true,"href":"https:\/\/www.wonpet.com\/de\/wp-json\/wp\/v2\/users\/1"}],"replies":[{"embeddable":true,"href":"https:\/\/www.wonpet.com\/de\/wp-json\/wp\/v2\/comments?post=85"}],"version-history":[{"count":22,"href":"https:\/\/www.wonpet.com\/de\/wp-json\/wp\/v2\/pages\/85\/revisions"}],"predecessor-version":[{"id":385,"href":"https:\/\/www.wonpet.com\/de\/wp-json\/wp\/v2\/pages\/85\/revisions\/385"}],"wp:attachment":[{"href":"https:\/\/www.wonpet.com\/de\/wp-json\/wp\/v2\/media?parent=85"}],"curies":[{"name":"wp","href":"https:\/\/api.w.org\/{rel}","templated":true}]}}