{"id":973,"date":"2019-11-13T02:19:44","date_gmt":"2019-11-13T02:19:44","guid":{"rendered":"https:\/\/www.wonpet.com\/?post_type=product&#038;p=973"},"modified":"2019-11-13T02:19:44","modified_gmt":"2019-11-13T02:19:44","slug":"soft-catnip-kocici-hracky-micky-s-lesklym-vzorem","status":"publish","type":"product","link":"https:\/\/www.wonpet.com\/cs\/produkt\/soft-catnip-kocici-hracky-micky-s-lesklym-vzorem\/","title":{"rendered":"M\u011bkk\u00e9 Catnip ko\u010di\u010d\u00ed hra\u010dky koule s \u0161plhav\u00fdm vzorem"},"content":{"rendered":"","protected":false},"excerpt":{"rendered":"<p>\u010c\u00cdSLO POLO\u017dKY: CT14451<\/p>\n<p>VELIKOST: 4 cm\u2026 <a href=\"https:\/\/www.wonpet.com\/cs\/produkt\/soft-catnip-kocici-hracky-micky-s-lesklym-vzorem\/\" class=\"more-link\"><span class=\"more-button\">Kup nyn\u00ed<span class=\"screen-reader-text\">M\u011bkk\u00e9 Catnip ko\u010di\u010d\u00ed hra\u010dky koule s \u0161plhav\u00fdm vzorem<\/span><\/span><\/a><\/p>","protected":false},"featured_media":967,"template":"","meta":[],"product_brand":[],"product_cat":[44,19],"product_tag":[42,131],"class_list":{"0":"post-973","1":"product","2":"type-product","3":"status-publish","4":"has-post-thumbnail","6":"product_cat-cat-ball","7":"product_cat-cat_toy","8":"product_tag-cat-ball","9":"product_tag-kitty-balls","11":"first","12":"instock","13":"shipping-taxable","14":"product-type-simple"},"_links":{"self":[{"href":"https:\/\/www.wonpet.com\/cs\/wp-json\/wp\/v2\/product\/973","targetHints":{"allow":["GET"]}}],"collection":[{"href":"https:\/\/www.wonpet.com\/cs\/wp-json\/wp\/v2\/product"}],"about":[{"href":"https:\/\/www.wonpet.com\/cs\/wp-json\/wp\/v2\/types\/product"}],"wp:featuredmedia":[{"embeddable":true,"href":"https:\/\/www.wonpet.com\/cs\/wp-json\/wp\/v2\/media\/967"}],"wp:attachment":[{"href":"https:\/\/www.wonpet.com\/cs\/wp-json\/wp\/v2\/media?parent=973"}],"wp:term":[{"taxonomy":"product_brand","embeddable":true,"href":"https:\/\/www.wonpet.com\/cs\/wp-json\/wp\/v2\/product_brand?post=973"},{"taxonomy":"product_cat","embeddable":true,"href":"https:\/\/www.wonpet.com\/cs\/wp-json\/wp\/v2\/product_cat?post=973"},{"taxonomy":"product_tag","embeddable":true,"href":"https:\/\/www.wonpet.com\/cs\/wp-json\/wp\/v2\/product_tag?post=973"}],"curies":[{"name":"wp","href":"https:\/\/api.w.org\/{rel}","templated":true}]}}