{"id":896,"date":"2019-11-12T05:53:26","date_gmt":"2019-11-12T05:53:26","guid":{"rendered":"https:\/\/www.wonpet.com\/?post_type=product&#038;p=896"},"modified":"2026-04-17T05:19:18","modified_gmt":"2026-04-17T05:19:18","slug":"chrastitko-kocka-hracky-mic-s-koule-perovym-lanem-10","status":"publish","type":"product","link":"https:\/\/www.wonpet.com\/cs\/produkt\/chrastitko-kocka-hracky-mic-s-koule-perovym-lanem-10\/","title":{"rendered":"Chrast\u00edtko ko\u010di\u010d\u00ed hra\u010dky m\u00ed\u010d"},"content":{"rendered":"","protected":false},"excerpt":{"rendered":"<p>\u010c\u00cdSLO POLO\u017dKY: CT18055<\/p>\n<p>VELIKOST: 7 cm\u2026 <a href=\"https:\/\/www.wonpet.com\/cs\/produkt\/chrastitko-kocka-hracky-mic-s-koule-perovym-lanem-10\/\" class=\"more-link\"><span class=\"more-button\">Kup nyn\u00ed<span class=\"screen-reader-text\">Chrast\u00edtko ko\u010di\u010d\u00ed hra\u010dky m\u00ed\u010d<\/span><\/span><\/a><\/p>","protected":false},"featured_media":6001,"template":"","meta":[],"product_brand":[],"product_cat":[44,19],"product_tag":[42,125],"class_list":{"0":"post-896","1":"product","2":"type-product","3":"status-publish","4":"has-post-thumbnail","6":"product_cat-cat-ball","7":"product_cat-cat_toy","8":"product_tag-cat-ball","9":"product_tag-cat-supply","11":"first","12":"instock","13":"shipping-taxable","14":"product-type-simple"},"_links":{"self":[{"href":"https:\/\/www.wonpet.com\/cs\/wp-json\/wp\/v2\/product\/896","targetHints":{"allow":["GET"]}}],"collection":[{"href":"https:\/\/www.wonpet.com\/cs\/wp-json\/wp\/v2\/product"}],"about":[{"href":"https:\/\/www.wonpet.com\/cs\/wp-json\/wp\/v2\/types\/product"}],"wp:featuredmedia":[{"embeddable":true,"href":"https:\/\/www.wonpet.com\/cs\/wp-json\/wp\/v2\/media\/6001"}],"wp:attachment":[{"href":"https:\/\/www.wonpet.com\/cs\/wp-json\/wp\/v2\/media?parent=896"}],"wp:term":[{"taxonomy":"product_brand","embeddable":true,"href":"https:\/\/www.wonpet.com\/cs\/wp-json\/wp\/v2\/product_brand?post=896"},{"taxonomy":"product_cat","embeddable":true,"href":"https:\/\/www.wonpet.com\/cs\/wp-json\/wp\/v2\/product_cat?post=896"},{"taxonomy":"product_tag","embeddable":true,"href":"https:\/\/www.wonpet.com\/cs\/wp-json\/wp\/v2\/product_tag?post=896"}],"curies":[{"name":"wp","href":"https:\/\/api.w.org\/{rel}","templated":true}]}}