{"id":882,"date":"2019-11-12T05:33:35","date_gmt":"2019-11-12T05:33:35","guid":{"rendered":"https:\/\/www.wonpet.com\/?post_type=product&#038;p=882"},"modified":"2019-11-12T05:33:35","modified_gmt":"2019-11-12T05:33:35","slug":"chrastitko-kocka-hracky-koule-s-perim-provaz-kulicky-4","status":"publish","type":"product","link":"https:\/\/www.wonpet.com\/cs\/produkt\/chrastitko-kocka-hracky-koule-s-perim-provaz-kulicky-4\/","title":{"rendered":"Chrast\u00edtko Cat Hra\u010dky Ball s m\u00ed\u010dky z pe\u0159\u00ed"},"content":{"rendered":"","protected":false},"excerpt":{"rendered":"<p>\u010c\u00cdSLO POLO\u017dKY: CT18097<\/p>\n<p>VELIKOST: 4 cm\u2026 <a href=\"https:\/\/www.wonpet.com\/cs\/produkt\/chrastitko-kocka-hracky-koule-s-perim-provaz-kulicky-4\/\" class=\"more-link\"><span class=\"more-button\">Kup nyn\u00ed<span class=\"screen-reader-text\">Chrast\u00edtko Cat Hra\u010dky Ball s m\u00ed\u010dky z pe\u0159\u00ed<\/span><\/span><\/a><\/p>","protected":false},"featured_media":883,"template":"","meta":[],"product_brand":[],"product_cat":[44,19],"product_tag":[131,132],"class_list":{"0":"post-882","1":"product","2":"type-product","3":"status-publish","4":"has-post-thumbnail","6":"product_cat-cat-ball","7":"product_cat-cat_toy","8":"product_tag-kitty-balls","9":"product_tag-kitty-toys","11":"first","12":"instock","13":"shipping-taxable","14":"product-type-simple"},"_links":{"self":[{"href":"https:\/\/www.wonpet.com\/cs\/wp-json\/wp\/v2\/product\/882","targetHints":{"allow":["GET"]}}],"collection":[{"href":"https:\/\/www.wonpet.com\/cs\/wp-json\/wp\/v2\/product"}],"about":[{"href":"https:\/\/www.wonpet.com\/cs\/wp-json\/wp\/v2\/types\/product"}],"wp:featuredmedia":[{"embeddable":true,"href":"https:\/\/www.wonpet.com\/cs\/wp-json\/wp\/v2\/media\/883"}],"wp:attachment":[{"href":"https:\/\/www.wonpet.com\/cs\/wp-json\/wp\/v2\/media?parent=882"}],"wp:term":[{"taxonomy":"product_brand","embeddable":true,"href":"https:\/\/www.wonpet.com\/cs\/wp-json\/wp\/v2\/product_brand?post=882"},{"taxonomy":"product_cat","embeddable":true,"href":"https:\/\/www.wonpet.com\/cs\/wp-json\/wp\/v2\/product_cat?post=882"},{"taxonomy":"product_tag","embeddable":true,"href":"https:\/\/www.wonpet.com\/cs\/wp-json\/wp\/v2\/product_tag?post=882"}],"curies":[{"name":"wp","href":"https:\/\/api.w.org\/{rel}","templated":true}]}}