{"id":881,"date":"2019-11-12T05:32:02","date_gmt":"2019-11-12T05:32:02","guid":{"rendered":"https:\/\/www.wonpet.com\/?post_type=product&#038;p=881"},"modified":"2019-11-12T05:32:02","modified_gmt":"2019-11-12T05:32:02","slug":"kocici-hracky-mic-se-zvoncem-bavlnenym-barevne-helikoidni-kulicky-2","status":"publish","type":"product","link":"https:\/\/www.wonpet.com\/cs\/produkt\/kocici-hracky-mic-se-zvoncem-bavlnenym-barevne-helikoidni-kulicky-2\/","title":{"rendered":"Hra\u010dky pro ko\u010dky s barevn\u00fdmi kuli\u010dkami z helikopt\u00e9ry Bell Cotton"},"content":{"rendered":"","protected":false},"excerpt":{"rendered":"<p>\u010c\u00cdSLO POLO\u017dKY: CT15006<\/p>\n<p>VELIKOST: 4,5 cm\u2026 <a href=\"https:\/\/www.wonpet.com\/cs\/produkt\/kocici-hracky-mic-se-zvoncem-bavlnenym-barevne-helikoidni-kulicky-2\/\" class=\"more-link\"><span class=\"more-button\">Kup nyn\u00ed<span class=\"screen-reader-text\">Hra\u010dky pro ko\u010dky s barevn\u00fdmi kuli\u010dkami z helikopt\u00e9ry Bell Cotton<\/span><\/span><\/a><\/p>","protected":false},"featured_media":879,"template":"","meta":[],"product_brand":[],"product_cat":[44,19],"product_tag":[129,130],"class_list":{"0":"post-881","1":"product","2":"type-product","3":"status-publish","4":"has-post-thumbnail","6":"product_cat-cat-ball","7":"product_cat-cat_toy","8":"product_tag-funny-cat-balls","9":"product_tag-rattle-cat-balls","11":"first","12":"instock","13":"shipping-taxable","14":"product-type-simple"},"_links":{"self":[{"href":"https:\/\/www.wonpet.com\/cs\/wp-json\/wp\/v2\/product\/881","targetHints":{"allow":["GET"]}}],"collection":[{"href":"https:\/\/www.wonpet.com\/cs\/wp-json\/wp\/v2\/product"}],"about":[{"href":"https:\/\/www.wonpet.com\/cs\/wp-json\/wp\/v2\/types\/product"}],"wp:featuredmedia":[{"embeddable":true,"href":"https:\/\/www.wonpet.com\/cs\/wp-json\/wp\/v2\/media\/879"}],"wp:attachment":[{"href":"https:\/\/www.wonpet.com\/cs\/wp-json\/wp\/v2\/media?parent=881"}],"wp:term":[{"taxonomy":"product_brand","embeddable":true,"href":"https:\/\/www.wonpet.com\/cs\/wp-json\/wp\/v2\/product_brand?post=881"},{"taxonomy":"product_cat","embeddable":true,"href":"https:\/\/www.wonpet.com\/cs\/wp-json\/wp\/v2\/product_cat?post=881"},{"taxonomy":"product_tag","embeddable":true,"href":"https:\/\/www.wonpet.com\/cs\/wp-json\/wp\/v2\/product_tag?post=881"}],"curies":[{"name":"wp","href":"https:\/\/api.w.org\/{rel}","templated":true}]}}