{"id":860,"date":"2019-11-12T03:10:41","date_gmt":"2019-11-12T03:10:41","guid":{"rendered":"https:\/\/www.wonpet.com\/?post_type=product&#038;p=860"},"modified":"2019-11-12T03:10:41","modified_gmt":"2019-11-12T03:10:41","slug":"kocici-hracky-mic-se-zvoncem-bavlnenym-barevne-kulicky-4","status":"publish","type":"product","link":"https:\/\/www.wonpet.com\/cs\/produkt\/kocici-hracky-mic-se-zvoncem-bavlnenym-barevne-kulicky-4\/","title":{"rendered":"Ko\u010di\u010d\u00ed hra\u010dky m\u00ed\u010d s barevn\u00fdmi kuli\u010dkami Bell Cotton"},"content":{"rendered":"","protected":false},"excerpt":{"rendered":"<p>\u010c\u00cdSLO POLO\u017dKY: CT14104<\/p>\n<p>VELIKOST: 4 cm\u2026 <a href=\"https:\/\/www.wonpet.com\/cs\/produkt\/kocici-hracky-mic-se-zvoncem-bavlnenym-barevne-kulicky-4\/\" class=\"more-link\"><span class=\"more-button\">Kup nyn\u00ed<span class=\"screen-reader-text\">Ko\u010di\u010d\u00ed hra\u010dky m\u00ed\u010d s barevn\u00fdmi kuli\u010dkami Bell Cotton<\/span><\/span><\/a><\/p>","protected":false},"featured_media":861,"template":"","meta":[],"product_brand":[],"product_cat":[44,19],"product_tag":[41,74],"class_list":{"0":"post-860","1":"product","2":"type-product","3":"status-publish","4":"has-post-thumbnail","6":"product_cat-cat-ball","7":"product_cat-cat_toy","8":"product_tag-cat-toys","9":"product_tag-funny-dog-toys","11":"first","12":"instock","13":"shipping-taxable","14":"product-type-simple"},"_links":{"self":[{"href":"https:\/\/www.wonpet.com\/cs\/wp-json\/wp\/v2\/product\/860","targetHints":{"allow":["GET"]}}],"collection":[{"href":"https:\/\/www.wonpet.com\/cs\/wp-json\/wp\/v2\/product"}],"about":[{"href":"https:\/\/www.wonpet.com\/cs\/wp-json\/wp\/v2\/types\/product"}],"wp:featuredmedia":[{"embeddable":true,"href":"https:\/\/www.wonpet.com\/cs\/wp-json\/wp\/v2\/media\/861"}],"wp:attachment":[{"href":"https:\/\/www.wonpet.com\/cs\/wp-json\/wp\/v2\/media?parent=860"}],"wp:term":[{"taxonomy":"product_brand","embeddable":true,"href":"https:\/\/www.wonpet.com\/cs\/wp-json\/wp\/v2\/product_brand?post=860"},{"taxonomy":"product_cat","embeddable":true,"href":"https:\/\/www.wonpet.com\/cs\/wp-json\/wp\/v2\/product_cat?post=860"},{"taxonomy":"product_tag","embeddable":true,"href":"https:\/\/www.wonpet.com\/cs\/wp-json\/wp\/v2\/product_tag?post=860"}],"curies":[{"name":"wp","href":"https:\/\/api.w.org\/{rel}","templated":true}]}}