{"id":796,"date":"2019-11-11T06:32:55","date_gmt":"2019-11-11T06:32:55","guid":{"rendered":"https:\/\/www.wonpet.com\/?post_type=product&#038;p=796"},"modified":"2019-11-12T02:51:23","modified_gmt":"2019-11-12T02:51:23","slug":"kocici-potreby-hracky-kocky-micky-v-sortimentu-8-modelu-v-48ks","status":"publish","type":"product","link":"https:\/\/www.wonpet.com\/cs\/produkt\/kocici-potreby-hracky-kocky-micky-v-sortimentu-8-modelu-v-48ks\/","title":{"rendered":"Plastov\u00e9 hlu\u010dn\u00e9 ko\u010di\u010d\u00ed koule s Bell"},"content":{"rendered":"","protected":false},"excerpt":{"rendered":"<p>\u010c\u00cdSLO POLO\u017dKY: CTM00140<\/p>\n<p>VELIKOST: 4cm \/ 4,5cm\u2026 <a href=\"https:\/\/www.wonpet.com\/cs\/produkt\/kocici-potreby-hracky-kocky-micky-v-sortimentu-8-modelu-v-48ks\/\" class=\"more-link\"><span class=\"more-button\">Kup nyn\u00ed<span class=\"screen-reader-text\">Plastov\u00e9 hlu\u010dn\u00e9 ko\u010di\u010d\u00ed koule s Bell<\/span><\/span><\/a><\/p>","protected":false},"featured_media":797,"template":"","meta":[],"product_brand":[],"product_cat":[44,19],"product_tag":[42,125],"class_list":{"0":"post-796","1":"product","2":"type-product","3":"status-publish","4":"has-post-thumbnail","6":"product_cat-cat-ball","7":"product_cat-cat_toy","8":"product_tag-cat-ball","9":"product_tag-cat-supply","11":"first","12":"instock","13":"shipping-taxable","14":"product-type-simple"},"_links":{"self":[{"href":"https:\/\/www.wonpet.com\/cs\/wp-json\/wp\/v2\/product\/796","targetHints":{"allow":["GET"]}}],"collection":[{"href":"https:\/\/www.wonpet.com\/cs\/wp-json\/wp\/v2\/product"}],"about":[{"href":"https:\/\/www.wonpet.com\/cs\/wp-json\/wp\/v2\/types\/product"}],"wp:featuredmedia":[{"embeddable":true,"href":"https:\/\/www.wonpet.com\/cs\/wp-json\/wp\/v2\/media\/797"}],"wp:attachment":[{"href":"https:\/\/www.wonpet.com\/cs\/wp-json\/wp\/v2\/media?parent=796"}],"wp:term":[{"taxonomy":"product_brand","embeddable":true,"href":"https:\/\/www.wonpet.com\/cs\/wp-json\/wp\/v2\/product_brand?post=796"},{"taxonomy":"product_cat","embeddable":true,"href":"https:\/\/www.wonpet.com\/cs\/wp-json\/wp\/v2\/product_cat?post=796"},{"taxonomy":"product_tag","embeddable":true,"href":"https:\/\/www.wonpet.com\/cs\/wp-json\/wp\/v2\/product_tag?post=796"}],"curies":[{"name":"wp","href":"https:\/\/api.w.org\/{rel}","templated":true}]}}