{"id":785,"date":"2019-11-11T06:24:53","date_gmt":"2019-11-11T06:24:53","guid":{"rendered":"https:\/\/www.wonpet.com\/?post_type=product&#038;p=785"},"modified":"2019-11-11T06:24:53","modified_gmt":"2019-11-11T06:24:53","slug":"kocici-zasoba-stehovani-kocici-hracka-zabavna-hrani-6","status":"publish","type":"product","link":"https:\/\/www.wonpet.com\/cs\/produkt\/kocici-zasoba-stehovani-kocici-hracka-zabavna-hrani-6\/","title":{"rendered":"Cat Supply Moving Cat Toy Funny Playing"},"content":{"rendered":"","protected":false},"excerpt":{"rendered":"<p>\u010c\u00cdSLO POLO\u017dKY: CT14135<\/p>\n<p>VELIKOST: 8 cm\u2026 <a href=\"https:\/\/www.wonpet.com\/cs\/produkt\/kocici-zasoba-stehovani-kocici-hracka-zabavna-hrani-6\/\" class=\"more-link\"><span class=\"more-button\">Kup nyn\u00ed<span class=\"screen-reader-text\">Cat Supply Moving Cat Toy Funny Playing<\/span><\/span><\/a><\/p>","protected":false},"featured_media":786,"template":"","meta":[],"product_brand":[],"product_cat":[46,19],"product_tag":[115,74],"class_list":{"0":"post-785","1":"product","2":"type-product","3":"status-publish","4":"has-post-thumbnail","6":"product_cat-animals-others","7":"product_cat-cat_toy","8":"product_tag-dog-supply","9":"product_tag-funny-dog-toys","11":"first","12":"instock","13":"shipping-taxable","14":"product-type-simple"},"_links":{"self":[{"href":"https:\/\/www.wonpet.com\/cs\/wp-json\/wp\/v2\/product\/785","targetHints":{"allow":["GET"]}}],"collection":[{"href":"https:\/\/www.wonpet.com\/cs\/wp-json\/wp\/v2\/product"}],"about":[{"href":"https:\/\/www.wonpet.com\/cs\/wp-json\/wp\/v2\/types\/product"}],"wp:featuredmedia":[{"embeddable":true,"href":"https:\/\/www.wonpet.com\/cs\/wp-json\/wp\/v2\/media\/786"}],"wp:attachment":[{"href":"https:\/\/www.wonpet.com\/cs\/wp-json\/wp\/v2\/media?parent=785"}],"wp:term":[{"taxonomy":"product_brand","embeddable":true,"href":"https:\/\/www.wonpet.com\/cs\/wp-json\/wp\/v2\/product_brand?post=785"},{"taxonomy":"product_cat","embeddable":true,"href":"https:\/\/www.wonpet.com\/cs\/wp-json\/wp\/v2\/product_cat?post=785"},{"taxonomy":"product_tag","embeddable":true,"href":"https:\/\/www.wonpet.com\/cs\/wp-json\/wp\/v2\/product_tag?post=785"}],"curies":[{"name":"wp","href":"https:\/\/api.w.org\/{rel}","templated":true}]}}