{"id":736,"date":"2019-11-11T02:36:39","date_gmt":"2019-11-11T02:36:39","guid":{"rendered":"https:\/\/www.wonpet.com\/?post_type=product&#038;p=736"},"modified":"2023-04-12T08:15:46","modified_gmt":"2023-04-12T08:15:46","slug":"mazlicek-psi-provazova-hracka-pro-agresivni-zvykace-2","status":"publish","type":"product","link":"https:\/\/www.wonpet.com\/cs\/produkt\/mazlicek-psi-provazova-hracka-pro-agresivni-zvykace-2\/","title":{"rendered":"Lano hra\u010dka pro dom\u00e1c\u00ed psy pro agresivn\u00ed s\u00fdry"},"content":{"rendered":"","protected":false},"excerpt":{"rendered":"<p>\u010c\u00cdSLO POLO\u017dKY: RT120552-S<\/p>\n<p>VELIKOST: 28 cm\u2026 <a href=\"https:\/\/www.wonpet.com\/cs\/produkt\/mazlicek-psi-provazova-hracka-pro-agresivni-zvykace-2\/\" class=\"more-link\"><span class=\"more-button\">Kup nyn\u00ed<span class=\"screen-reader-text\">Lano hra\u010dka pro dom\u00e1c\u00ed psy pro agresivn\u00ed s\u00fdry<\/span><\/span><\/a><\/p>","protected":false},"featured_media":4651,"template":"","meta":[],"product_brand":[],"product_cat":[18,40],"product_tag":[119,78],"class_list":{"0":"post-736","1":"product","2":"type-product","3":"status-publish","4":"has-post-thumbnail","6":"product_cat-dog_toy","7":"product_cat-rope-toy","8":"product_tag-dog-rope-toy","9":"product_tag-puppy-dog-toy","11":"first","12":"instock","13":"shipping-taxable","14":"product-type-simple"},"_links":{"self":[{"href":"https:\/\/www.wonpet.com\/cs\/wp-json\/wp\/v2\/product\/736","targetHints":{"allow":["GET"]}}],"collection":[{"href":"https:\/\/www.wonpet.com\/cs\/wp-json\/wp\/v2\/product"}],"about":[{"href":"https:\/\/www.wonpet.com\/cs\/wp-json\/wp\/v2\/types\/product"}],"wp:featuredmedia":[{"embeddable":true,"href":"https:\/\/www.wonpet.com\/cs\/wp-json\/wp\/v2\/media\/4651"}],"wp:attachment":[{"href":"https:\/\/www.wonpet.com\/cs\/wp-json\/wp\/v2\/media?parent=736"}],"wp:term":[{"taxonomy":"product_brand","embeddable":true,"href":"https:\/\/www.wonpet.com\/cs\/wp-json\/wp\/v2\/product_brand?post=736"},{"taxonomy":"product_cat","embeddable":true,"href":"https:\/\/www.wonpet.com\/cs\/wp-json\/wp\/v2\/product_cat?post=736"},{"taxonomy":"product_tag","embeddable":true,"href":"https:\/\/www.wonpet.com\/cs\/wp-json\/wp\/v2\/product_tag?post=736"}],"curies":[{"name":"wp","href":"https:\/\/api.w.org\/{rel}","templated":true}]}}