{"id":690,"date":"2019-11-07T04:07:41","date_gmt":"2019-11-07T04:07:41","guid":{"rendered":"https:\/\/www.wonpet.com\/?post_type=product&#038;p=690"},"modified":"2019-11-07T04:13:12","modified_gmt":"2019-11-07T04:13:12","slug":"psi-zasoba-tpr-gumova-kost-psi-hracky","status":"publish","type":"product","link":"https:\/\/www.wonpet.com\/cs\/produkt\/psi-zasoba-tpr-gumova-kost-psi-hracky\/","title":{"rendered":"Ps\u00ed hra\u010dky TPR Rubber Bone Dog Toys"},"content":{"rendered":"","protected":false},"excerpt":{"rendered":"<p>\u010c. POLO\u017dKY: TPRX012<\/p>\n<p>VELIKOST: 12CM\u2026 <a href=\"https:\/\/www.wonpet.com\/cs\/produkt\/psi-zasoba-tpr-gumova-kost-psi-hracky\/\" class=\"more-link\"><span class=\"more-button\">Kup nyn\u00ed<span class=\"screen-reader-text\">Ps\u00ed hra\u010dky TPR Rubber Bone Dog Toys<\/span><\/span><\/a><\/p>","protected":false},"featured_media":678,"template":"","meta":[],"product_brand":[],"product_cat":[18,39],"product_tag":[89,116],"class_list":{"0":"post-690","1":"product","2":"type-product","3":"status-publish","4":"has-post-thumbnail","6":"product_cat-dog_toy","7":"product_cat-tpr-toy","8":"product_tag-dog-rubber-toy","9":"product_tag-dog-tpr-toy","11":"first","12":"instock","13":"shipping-taxable","14":"product-type-simple"},"_links":{"self":[{"href":"https:\/\/www.wonpet.com\/cs\/wp-json\/wp\/v2\/product\/690","targetHints":{"allow":["GET"]}}],"collection":[{"href":"https:\/\/www.wonpet.com\/cs\/wp-json\/wp\/v2\/product"}],"about":[{"href":"https:\/\/www.wonpet.com\/cs\/wp-json\/wp\/v2\/types\/product"}],"wp:featuredmedia":[{"embeddable":true,"href":"https:\/\/www.wonpet.com\/cs\/wp-json\/wp\/v2\/media\/678"}],"wp:attachment":[{"href":"https:\/\/www.wonpet.com\/cs\/wp-json\/wp\/v2\/media?parent=690"}],"wp:term":[{"taxonomy":"product_brand","embeddable":true,"href":"https:\/\/www.wonpet.com\/cs\/wp-json\/wp\/v2\/product_brand?post=690"},{"taxonomy":"product_cat","embeddable":true,"href":"https:\/\/www.wonpet.com\/cs\/wp-json\/wp\/v2\/product_cat?post=690"},{"taxonomy":"product_tag","embeddable":true,"href":"https:\/\/www.wonpet.com\/cs\/wp-json\/wp\/v2\/product_tag?post=690"}],"curies":[{"name":"wp","href":"https:\/\/api.w.org\/{rel}","templated":true}]}}