{"id":640,"date":"2019-11-06T06:31:38","date_gmt":"2019-11-06T06:31:38","guid":{"rendered":"https:\/\/www.wonpet.com\/?post_type=product&#038;p=640"},"modified":"2019-11-06T06:31:38","modified_gmt":"2019-11-06T06:31:38","slug":"pet-potreba-zvire-mekke-plysaky-s-piskacim-2","status":"publish","type":"product","link":"https:\/\/www.wonpet.com\/cs\/produkt\/pet-potreba-zvire-mekke-plysaky-s-piskacim-2\/","title":{"rendered":"Pet Supply Animal Soft ply\u0161ov\u00e9 hra\u010dky s Squeaky"},"content":{"rendered":"","protected":false},"excerpt":{"rendered":"<p>\u010c\u00cdSLO POLO\u017dKY: PL20007<\/p>\n<p>VELIKOST: 60 cm\u2026 <a href=\"https:\/\/www.wonpet.com\/cs\/produkt\/pet-potreba-zvire-mekke-plysaky-s-piskacim-2\/\" class=\"more-link\"><span class=\"more-button\">Kup nyn\u00ed<span class=\"screen-reader-text\">Pet Supply Animal Soft ply\u0161ov\u00e9 hra\u010dky s Squeaky<\/span><\/span><\/a><\/p>","protected":false},"featured_media":632,"template":"","meta":[],"product_brand":[],"product_cat":[18,51],"product_tag":[110,112],"class_list":{"0":"post-640","1":"product","2":"type-product","3":"status-publish","4":"has-post-thumbnail","6":"product_cat-dog_toy","7":"product_cat-plush-toy","8":"product_tag-dog-plush-toys","9":"product_tag-pet-supply","11":"first","12":"instock","13":"shipping-taxable","14":"product-type-simple"},"_links":{"self":[{"href":"https:\/\/www.wonpet.com\/cs\/wp-json\/wp\/v2\/product\/640","targetHints":{"allow":["GET"]}}],"collection":[{"href":"https:\/\/www.wonpet.com\/cs\/wp-json\/wp\/v2\/product"}],"about":[{"href":"https:\/\/www.wonpet.com\/cs\/wp-json\/wp\/v2\/types\/product"}],"wp:featuredmedia":[{"embeddable":true,"href":"https:\/\/www.wonpet.com\/cs\/wp-json\/wp\/v2\/media\/632"}],"wp:attachment":[{"href":"https:\/\/www.wonpet.com\/cs\/wp-json\/wp\/v2\/media?parent=640"}],"wp:term":[{"taxonomy":"product_brand","embeddable":true,"href":"https:\/\/www.wonpet.com\/cs\/wp-json\/wp\/v2\/product_brand?post=640"},{"taxonomy":"product_cat","embeddable":true,"href":"https:\/\/www.wonpet.com\/cs\/wp-json\/wp\/v2\/product_cat?post=640"},{"taxonomy":"product_tag","embeddable":true,"href":"https:\/\/www.wonpet.com\/cs\/wp-json\/wp\/v2\/product_tag?post=640"}],"curies":[{"name":"wp","href":"https:\/\/api.w.org\/{rel}","templated":true}]}}