{"id":6086,"date":"2026-04-17T06:48:45","date_gmt":"2026-04-17T06:48:45","guid":{"rendered":"https:\/\/www.wonpet.com\/?post_type=product&#038;p=6086"},"modified":"2026-04-17T06:50:01","modified_gmt":"2026-04-17T06:50:01","slug":"wonpet-cat-toy-funny-bouncing-toy-indoor-toy-7","status":"publish","type":"product","link":"https:\/\/www.wonpet.com\/cs\/produkt\/wonpet-cat-toy-funny-bouncing-toy-indoor-toy-7\/","title":{"rendered":"WONPET Hra\u010dka pro ko\u010dku Legra\u010dn\u00ed sk\u00e1kac\u00ed hra\u010dka do interi\u00e9ru"},"content":{"rendered":"","protected":false},"excerpt":{"rendered":"<p>ITEM NO.: XX2410007<\/p>\n<p>SIZE: 8CM \/ 22CM &hellip; <a href=\"https:\/\/www.wonpet.com\/cs\/produkt\/wonpet-cat-toy-funny-bouncing-toy-indoor-toy-7\/\" class=\"more-link\"><span class=\"more-button\">Kup nyn\u00ed<span class=\"screen-reader-text\">WONPET Hra\u010dka pro ko\u010dku Legra\u010dn\u00ed sk\u00e1kac\u00ed hra\u010dka do interi\u00e9ru<\/span><\/span><\/a><\/p>","protected":false},"featured_media":6082,"template":"","meta":[],"product_brand":[],"product_cat":[46,19],"product_tag":[144,125],"class_list":{"0":"post-6086","1":"product","2":"type-product","3":"status-publish","4":"has-post-thumbnail","6":"product_cat-animals-others","7":"product_cat-cat_toy","8":"product_tag-bouncing-toy","9":"product_tag-cat-supply","11":"first","12":"instock","13":"shipping-taxable","14":"product-type-simple"},"_links":{"self":[{"href":"https:\/\/www.wonpet.com\/cs\/wp-json\/wp\/v2\/product\/6086","targetHints":{"allow":["GET"]}}],"collection":[{"href":"https:\/\/www.wonpet.com\/cs\/wp-json\/wp\/v2\/product"}],"about":[{"href":"https:\/\/www.wonpet.com\/cs\/wp-json\/wp\/v2\/types\/product"}],"wp:featuredmedia":[{"embeddable":true,"href":"https:\/\/www.wonpet.com\/cs\/wp-json\/wp\/v2\/media\/6082"}],"wp:attachment":[{"href":"https:\/\/www.wonpet.com\/cs\/wp-json\/wp\/v2\/media?parent=6086"}],"wp:term":[{"taxonomy":"product_brand","embeddable":true,"href":"https:\/\/www.wonpet.com\/cs\/wp-json\/wp\/v2\/product_brand?post=6086"},{"taxonomy":"product_cat","embeddable":true,"href":"https:\/\/www.wonpet.com\/cs\/wp-json\/wp\/v2\/product_cat?post=6086"},{"taxonomy":"product_tag","embeddable":true,"href":"https:\/\/www.wonpet.com\/cs\/wp-json\/wp\/v2\/product_tag?post=6086"}],"curies":[{"name":"wp","href":"https:\/\/api.w.org\/{rel}","templated":true}]}}