{"id":608,"date":"2019-11-06T05:57:18","date_gmt":"2019-11-06T05:57:18","guid":{"rendered":"https:\/\/www.wonpet.com\/?post_type=product&#038;p=608"},"modified":"2019-11-06T05:57:51","modified_gmt":"2019-11-06T05:57:51","slug":"plysove-psi-hracky-pro-psi-hry","status":"publish","type":"product","link":"https:\/\/www.wonpet.com\/cs\/produkt\/plysove-psi-hracky-pro-psi-hry\/","title":{"rendered":"Ply\u0161ov\u00e9 hra\u010dky pro psy"},"content":{"rendered":"","protected":false},"excerpt":{"rendered":"<p>\u010c\u00cdSLO POLO\u017dKY: 02.EV97<\/p>\n<p>VELIKOST: 23 cm\u2026 <a href=\"https:\/\/www.wonpet.com\/cs\/produkt\/plysove-psi-hracky-pro-psi-hry\/\" class=\"more-link\"><span class=\"more-button\">Kup nyn\u00ed<span class=\"screen-reader-text\">Ply\u0161ov\u00e9 hra\u010dky pro psy<\/span><\/span><\/a><\/p>","protected":false},"featured_media":610,"template":"","meta":[],"product_brand":[],"product_cat":[18,51],"product_tag":[110,64],"class_list":{"0":"post-608","1":"product","2":"type-product","3":"status-publish","4":"has-post-thumbnail","6":"product_cat-dog_toy","7":"product_cat-plush-toy","8":"product_tag-dog-plush-toys","9":"product_tag-playing-toy","11":"first","12":"instock","13":"shipping-taxable","14":"product-type-simple"},"_links":{"self":[{"href":"https:\/\/www.wonpet.com\/cs\/wp-json\/wp\/v2\/product\/608","targetHints":{"allow":["GET"]}}],"collection":[{"href":"https:\/\/www.wonpet.com\/cs\/wp-json\/wp\/v2\/product"}],"about":[{"href":"https:\/\/www.wonpet.com\/cs\/wp-json\/wp\/v2\/types\/product"}],"wp:featuredmedia":[{"embeddable":true,"href":"https:\/\/www.wonpet.com\/cs\/wp-json\/wp\/v2\/media\/610"}],"wp:attachment":[{"href":"https:\/\/www.wonpet.com\/cs\/wp-json\/wp\/v2\/media?parent=608"}],"wp:term":[{"taxonomy":"product_brand","embeddable":true,"href":"https:\/\/www.wonpet.com\/cs\/wp-json\/wp\/v2\/product_brand?post=608"},{"taxonomy":"product_cat","embeddable":true,"href":"https:\/\/www.wonpet.com\/cs\/wp-json\/wp\/v2\/product_cat?post=608"},{"taxonomy":"product_tag","embeddable":true,"href":"https:\/\/www.wonpet.com\/cs\/wp-json\/wp\/v2\/product_tag?post=608"}],"curies":[{"name":"wp","href":"https:\/\/api.w.org\/{rel}","templated":true}]}}