{"id":6064,"date":"2026-04-17T06:30:06","date_gmt":"2026-04-17T06:30:06","guid":{"rendered":"https:\/\/www.wonpet.com\/?post_type=product&#038;p=6064"},"modified":"2026-04-17T06:30:47","modified_gmt":"2026-04-17T06:30:47","slug":"cat-toys-cat-funny-dish-playing-toy-7","status":"publish","type":"product","link":"https:\/\/www.wonpet.com\/cs\/produkt\/cat-toys-cat-funny-dish-playing-toy-7\/","title":{"rendered":"Hra\u010dky pro ko\u010dky Ko\u010dka z\u00e1bavn\u00e1 hra na hran\u00ed"},"content":{"rendered":"","protected":false},"excerpt":{"rendered":"<p>ITEM NO.: HY2406008<\/p>\n<p>VELIKOST: 25CM\u2026 <a href=\"https:\/\/www.wonpet.com\/cs\/produkt\/cat-toys-cat-funny-dish-playing-toy-7\/\" class=\"more-link\"><span class=\"more-button\">Kup nyn\u00ed<span class=\"screen-reader-text\">Hra\u010dky pro ko\u010dky Ko\u010dka z\u00e1bavn\u00e1 hra na hran\u00ed<\/span><\/span><\/a><\/p>","protected":false},"featured_media":6052,"template":"","meta":[],"product_brand":[],"product_cat":[46,19],"product_tag":[124,129],"class_list":{"0":"post-6064","1":"product","2":"type-product","3":"status-publish","4":"has-post-thumbnail","6":"product_cat-animals-others","7":"product_cat-cat_toy","8":"product_tag-cat-mouse-toy","9":"product_tag-funny-cat-balls","11":"first","12":"instock","13":"shipping-taxable","14":"product-type-simple"},"_links":{"self":[{"href":"https:\/\/www.wonpet.com\/cs\/wp-json\/wp\/v2\/product\/6064","targetHints":{"allow":["GET"]}}],"collection":[{"href":"https:\/\/www.wonpet.com\/cs\/wp-json\/wp\/v2\/product"}],"about":[{"href":"https:\/\/www.wonpet.com\/cs\/wp-json\/wp\/v2\/types\/product"}],"wp:featuredmedia":[{"embeddable":true,"href":"https:\/\/www.wonpet.com\/cs\/wp-json\/wp\/v2\/media\/6052"}],"wp:attachment":[{"href":"https:\/\/www.wonpet.com\/cs\/wp-json\/wp\/v2\/media?parent=6064"}],"wp:term":[{"taxonomy":"product_brand","embeddable":true,"href":"https:\/\/www.wonpet.com\/cs\/wp-json\/wp\/v2\/product_brand?post=6064"},{"taxonomy":"product_cat","embeddable":true,"href":"https:\/\/www.wonpet.com\/cs\/wp-json\/wp\/v2\/product_cat?post=6064"},{"taxonomy":"product_tag","embeddable":true,"href":"https:\/\/www.wonpet.com\/cs\/wp-json\/wp\/v2\/product_tag?post=6064"}],"curies":[{"name":"wp","href":"https:\/\/api.w.org\/{rel}","templated":true}]}}