{"id":580,"date":"2019-11-06T03:54:27","date_gmt":"2019-11-06T03:54:27","guid":{"rendered":"https:\/\/www.wonpet.com\/?post_type=product&#038;p=580"},"modified":"2019-11-06T03:54:27","modified_gmt":"2019-11-06T03:54:27","slug":"psi-kocka-strihacka-sada-strihani-mazlicka-3","status":"publish","type":"product","link":"https:\/\/www.wonpet.com\/cs\/produkt\/psi-kocka-strihacka-sada-strihani-mazlicka-3\/","title":{"rendered":"H\u0159eb\u00edkov\u00fd zast\u0159ihova\u010d pro ko\u010dky psa"},"content":{"rendered":"","protected":false},"excerpt":{"rendered":"<p><strong>\u010c\u00cdSLO POLO\u017dKY: GR5022<\/strong><\/p>\n<p><strong>VELIKOST: 10,5CM<\/strong> \u2026 <a href=\"https:\/\/www.wonpet.com\/cs\/produkt\/psi-kocka-strihacka-sada-strihani-mazlicka-3\/\" class=\"more-link\"><span class=\"more-button\">Kup nyn\u00ed<span class=\"screen-reader-text\">H\u0159eb\u00edkov\u00fd zast\u0159ihova\u010d pro ko\u010dky psa<\/span><\/span><\/a><\/p>","protected":false},"featured_media":570,"template":"","meta":[],"product_brand":[],"product_cat":[60,59],"product_tag":[104,105],"class_list":{"0":"post-580","1":"product","2":"type-product","3":"status-publish","4":"has-post-thumbnail","6":"product_cat-grooming","7":"product_cat-pet-supplies","8":"product_tag-nail-clipper","9":"product_tag-pet-grooming","11":"first","12":"instock","13":"shipping-taxable","14":"product-type-simple"},"_links":{"self":[{"href":"https:\/\/www.wonpet.com\/cs\/wp-json\/wp\/v2\/product\/580","targetHints":{"allow":["GET"]}}],"collection":[{"href":"https:\/\/www.wonpet.com\/cs\/wp-json\/wp\/v2\/product"}],"about":[{"href":"https:\/\/www.wonpet.com\/cs\/wp-json\/wp\/v2\/types\/product"}],"wp:featuredmedia":[{"embeddable":true,"href":"https:\/\/www.wonpet.com\/cs\/wp-json\/wp\/v2\/media\/570"}],"wp:attachment":[{"href":"https:\/\/www.wonpet.com\/cs\/wp-json\/wp\/v2\/media?parent=580"}],"wp:term":[{"taxonomy":"product_brand","embeddable":true,"href":"https:\/\/www.wonpet.com\/cs\/wp-json\/wp\/v2\/product_brand?post=580"},{"taxonomy":"product_cat","embeddable":true,"href":"https:\/\/www.wonpet.com\/cs\/wp-json\/wp\/v2\/product_cat?post=580"},{"taxonomy":"product_tag","embeddable":true,"href":"https:\/\/www.wonpet.com\/cs\/wp-json\/wp\/v2\/product_tag?post=580"}],"curies":[{"name":"wp","href":"https:\/\/api.w.org\/{rel}","templated":true}]}}