{"id":576,"date":"2019-11-06T03:47:54","date_gmt":"2019-11-06T03:47:54","guid":{"rendered":"https:\/\/www.wonpet.com\/?post_type=product&#038;p=576"},"modified":"2023-04-13T07:56:32","modified_gmt":"2023-04-13T07:56:32","slug":"sada-na-upravu-psich-nehtu-2","status":"publish","type":"product","link":"https:\/\/www.wonpet.com\/cs\/produkt\/sada-na-upravu-psich-nehtu-2\/","title":{"rendered":"Sada zast\u0159ihova\u010d\u016f ps\u016f na nehty"},"content":{"rendered":"","protected":false},"excerpt":{"rendered":"<p><strong>\u010c\u00cdSLO POLO\u017dKY: GR5006 \/ GR5007<\/strong><\/p>\n<p><strong>VELIKOST: 15CM \/ 12CM<\/strong> \u2026 <a href=\"https:\/\/www.wonpet.com\/cs\/produkt\/sada-na-upravu-psich-nehtu-2\/\" class=\"more-link\"><span class=\"more-button\">Kup nyn\u00ed<span class=\"screen-reader-text\">Sada zast\u0159ihova\u010d\u016f ps\u016f na nehty<\/span><\/span><\/a><\/p>","protected":false},"featured_media":5071,"template":"","meta":[],"product_brand":[],"product_cat":[60,59],"product_tag":[99,104],"class_list":{"0":"post-576","1":"product","2":"type-product","3":"status-publish","4":"has-post-thumbnail","6":"product_cat-grooming","7":"product_cat-pet-supplies","8":"product_tag-dog-grooming","9":"product_tag-nail-clipper","11":"first","12":"instock","13":"shipping-taxable","14":"product-type-simple"},"_links":{"self":[{"href":"https:\/\/www.wonpet.com\/cs\/wp-json\/wp\/v2\/product\/576","targetHints":{"allow":["GET"]}}],"collection":[{"href":"https:\/\/www.wonpet.com\/cs\/wp-json\/wp\/v2\/product"}],"about":[{"href":"https:\/\/www.wonpet.com\/cs\/wp-json\/wp\/v2\/types\/product"}],"wp:featuredmedia":[{"embeddable":true,"href":"https:\/\/www.wonpet.com\/cs\/wp-json\/wp\/v2\/media\/5071"}],"wp:attachment":[{"href":"https:\/\/www.wonpet.com\/cs\/wp-json\/wp\/v2\/media?parent=576"}],"wp:term":[{"taxonomy":"product_brand","embeddable":true,"href":"https:\/\/www.wonpet.com\/cs\/wp-json\/wp\/v2\/product_brand?post=576"},{"taxonomy":"product_cat","embeddable":true,"href":"https:\/\/www.wonpet.com\/cs\/wp-json\/wp\/v2\/product_cat?post=576"},{"taxonomy":"product_tag","embeddable":true,"href":"https:\/\/www.wonpet.com\/cs\/wp-json\/wp\/v2\/product_tag?post=576"}],"curies":[{"name":"wp","href":"https:\/\/api.w.org\/{rel}","templated":true}]}}